{"id":977,"date":"2026-01-29T08:35:29","date_gmt":"2026-01-29T08:35:29","guid":{"rendered":"https:\/\/happybodies.shop.hidalgo.nl\/klanten-portaal\/"},"modified":"2026-01-29T08:51:57","modified_gmt":"2026-01-29T08:51:57","slug":"klanten-portaal","status":"publish","type":"page","link":"https:\/\/happybodies.hidalgo.nl\/de\/klanten-portaal\/","title":{"rendered":"Kundenportal"},"content":{"rendered":"<h2><strong>Willkommen im Happy Bodies Merchandise-Portal. <\/strong><\/h2>\n<p>Dieses Portal wurde speziell f\u00fcr Happy Bodies entwickelt und bietet einen \u00dcberblick \u00fcber verf\u00fcgbare Merchandise-Artikel, die vollst\u00e4ndig auf die Marke zugeschnitten sind.<br \/>\nDieses Kundenportal ist eine sichere Online-Umgebung speziell f\u00fcr Happy Bodies, in der Sie einfach Merchandise-Artikel ansehen, verwalten und bestellen k\u00f6nnen.<\/p>\n<p>Sind Sie neugierig, was wir f\u00fcr Ihr Unternehmen bedeuten k\u00f6nnen?<br \/>\nNehmen Sie unverbindlich Kontakt mit uns auf unter info@hidalgo.nl.<\/p>\n","protected":false},"excerpt":{"rendered":"<p>Willkommen im Happy Bodies Merchandise-Portal. Dieses Portal wurde speziell f\u00fcr Happy Bodies entwickelt und bietet einen \u00dcberblick \u00fcber verf\u00fcgbare Merchandise-Artikel, die vollst\u00e4ndig auf die Marke zugeschnitten sind. Dieses Kundenportal ist eine sichere Online-Umgebung speziell f\u00fcr Happy Bodies, in der Sie einfach Merchandise-Artikel ansehen, verwalten und bestellen k\u00f6nnen. Sind Sie neugierig, was wir f\u00fcr Ihr Unternehmen&hellip; <a class=\"more-link\" href=\"https:\/\/happybodies.hidalgo.nl\/de\/klanten-portaal\/\"><span class=\"screen-reader-text\">Kundenportal<\/span> weiterlesen<\/a><\/p>\n","protected":false},"author":6,"featured_media":0,"parent":0,"menu_order":0,"comment_status":"closed","ping_status":"closed","template":"","meta":{"_acf_changed":false,"om_disable_all_campaigns":false,"_monsterinsights_skip_tracking":false,"_monsterinsights_sitenote_active":false,"_monsterinsights_sitenote_note":"","_monsterinsights_sitenote_category":0,"footnotes":""},"class_list":["post-977","page","type-page","status-publish","hentry","entry"],"acf":[],"aioseo_notices":[],"aioseo_head":"\n\t\t<!-- All in One SEO Pro 4.9.7.1 - aioseo.com -->\n\t<meta name=\"description\" content=\"Willkommen im Happy Bodies Merchandise-Portal. Dieses Portal wurde speziell f\u00fcr Happy Bodies entwickelt und bietet einen \u00dcberblick \u00fcber verf\u00fcgbare Merchandise-Artikel, die vollst\u00e4ndig auf die Marke zugeschnitten sind. Dieses Kundenportal ist eine sichere Online-Umgebung speziell f\u00fcr Happy Bodies, in der Sie einfach Merchandise-Artikel ansehen, verwalten und bestellen k\u00f6nnen. Sind Sie neugierig, was wir f\u00fcr Ihr Unternehmen\" \/>\n\t<meta name=\"robots\" content=\"max-image-preview:large\" \/>\n\t<meta name=\"google-site-verification\" content=\"BBMiYHShnVBoc8v9xoHf0FXMC27otVB0wiWxw_hFRrM\" \/>\n\t<link rel=\"canonical\" href=\"https:\/\/happybodies.hidalgo.nl\/de\/wp-json\/wp\/v2\/pages\/977\" \/>\n\t<meta name=\"generator\" content=\"All in One SEO Pro (AIOSEO) 4.9.7.1\" \/>\n\t\t<meta property=\"og:locale\" content=\"de_DE\" \/>\n\t\t<meta property=\"og:site_name\" content=\"Happy Bodies Merchandise | Voor Happy Bodies Merchandise\" \/>\n\t\t<meta property=\"og:type\" content=\"article\" \/>\n\t\t<meta property=\"og:title\" content=\"Kundenportal | Happy Bodies Merchandise\" \/>\n\t\t<meta property=\"og:description\" content=\"Willkommen im Happy Bodies Merchandise-Portal. Dieses Portal wurde speziell f\u00fcr Happy Bodies entwickelt und bietet einen \u00dcberblick \u00fcber verf\u00fcgbare Merchandise-Artikel, die vollst\u00e4ndig auf die Marke zugeschnitten sind. Dieses Kundenportal ist eine sichere Online-Umgebung speziell f\u00fcr Happy Bodies, in der Sie einfach Merchandise-Artikel ansehen, verwalten und bestellen k\u00f6nnen. Sind Sie neugierig, was wir f\u00fcr Ihr Unternehmen\" \/>\n\t\t<meta property=\"og:url\" content=\"https:\/\/happybodies.hidalgo.nl\/de\/wp-json\/wp\/v2\/pages\/977\" \/>\n\t\t<meta property=\"og:image\" content=\"https:\/\/shop.hidalgo.nl\/wp-content\/uploads\/2025\/12\/cropped-Logo.png\" \/>\n\t\t<meta property=\"og:image:secure_url\" content=\"https:\/\/shop.hidalgo.nl\/wp-content\/uploads\/2025\/12\/cropped-Logo.png\" \/>\n\t\t<meta property=\"article:published_time\" content=\"2026-01-29T08:35:29+00:00\" \/>\n\t\t<meta property=\"article:modified_time\" content=\"2026-01-29T08:51:57+00:00\" \/>\n\t\t<meta property=\"article:publisher\" content=\"https:\/\/www.facebook.com\/hidalgobagsandmore\" \/>\n\t\t<meta name=\"twitter:card\" content=\"summary_large_image\" \/>\n\t\t<meta name=\"twitter:site\" content=\"@Hidalgo_BV\" \/>\n\t\t<meta name=\"twitter:title\" content=\"Kundenportal | Happy Bodies Merchandise\" \/>\n\t\t<meta name=\"twitter:description\" content=\"Willkommen im Happy Bodies Merchandise-Portal. Dieses Portal wurde speziell f\u00fcr Happy Bodies entwickelt und bietet einen \u00dcberblick \u00fcber verf\u00fcgbare Merchandise-Artikel, die vollst\u00e4ndig auf die Marke zugeschnitten sind. Dieses Kundenportal ist eine sichere Online-Umgebung speziell f\u00fcr Happy Bodies, in der Sie einfach Merchandise-Artikel ansehen, verwalten und bestellen k\u00f6nnen. Sind Sie neugierig, was wir f\u00fcr Ihr Unternehmen\" \/>\n\t\t<meta name=\"twitter:creator\" content=\"@Hidalgo_BV\" \/>\n\t\t<meta name=\"twitter:image\" content=\"https:\/\/shop.hidalgo.nl\/wp-content\/uploads\/2025\/12\/cropped-Logo.png\" \/>\n\t\t<script type=\"application\/ld+json\" class=\"aioseo-schema\">\n\t\t\t{\"@context\":\"https:\\\/\\\/schema.org\",\"@graph\":[{\"@type\":\"BreadcrumbList\",\"@id\":\"https:\\\/\\\/happybodies.hidalgo.nl\\\/de\\\/klanten-portaal\\\/#breadcrumblist\",\"itemListElement\":[{\"@type\":\"ListItem\",\"@id\":\"https:\\\/\\\/happybodies.hidalgo.nl\\\/de\\\/#listItem\",\"position\":1,\"name\":\"Home\",\"item\":\"https:\\\/\\\/happybodies.hidalgo.nl\\\/de\\\/\",\"nextItem\":{\"@type\":\"ListItem\",\"@id\":\"https:\\\/\\\/happybodies.hidalgo.nl\\\/de\\\/klanten-portaal\\\/#listItem\",\"name\":\"Kundenportal\"}},{\"@type\":\"ListItem\",\"@id\":\"https:\\\/\\\/happybodies.hidalgo.nl\\\/de\\\/klanten-portaal\\\/#listItem\",\"position\":2,\"name\":\"Kundenportal\",\"previousItem\":{\"@type\":\"ListItem\",\"@id\":\"https:\\\/\\\/happybodies.hidalgo.nl\\\/de\\\/#listItem\",\"name\":\"Home\"}}]},{\"@type\":\"Organization\",\"@id\":\"https:\\\/\\\/happybodies.hidalgo.nl\\\/de\\\/#organization\",\"name\":\"Happy Bodies Merchandise\",\"description\":\"Voor Happy Bodies Merchandise\",\"url\":\"https:\\\/\\\/happybodies.hidalgo.nl\\\/de\\\/\",\"email\":\"info@hidalgo.nl\",\"telephone\":\"+31793310133\",\"foundingDate\":\"1993-01-01\",\"numberOfEmployees\":{\"@type\":\"QuantitativeValue\",\"value\":4},\"logo\":{\"@type\":\"ImageObject\",\"url\":\"https:\\\/\\\/shop.hidalgo.nl\\\/wp-content\\\/uploads\\\/2026\\\/01\\\/Happy-Bodies-Powered-by-Hidalgo.jpg\",\"@id\":\"https:\\\/\\\/happybodies.hidalgo.nl\\\/de\\\/klanten-portaal\\\/#organizationLogo\",\"width\":600,\"height\":599},\"image\":{\"@id\":\"https:\\\/\\\/happybodies.hidalgo.nl\\\/de\\\/klanten-portaal\\\/#organizationLogo\"},\"sameAs\":[\"https:\\\/\\\/www.facebook.com\\\/hidalgobagsandmore\",\"https:\\\/\\\/x.com\\\/Hidalgo_BV\",\"https:\\\/\\\/www.instagram.com\\\/hidalgobagsandmore\\\/\",\"https:\\\/\\\/www.youtube.com\\\/@hidalgobagsandmore\",\"https:\\\/\\\/nl.linkedin.com\\\/in\\\/rutgerblommers\"]},{\"@type\":\"WebPage\",\"@id\":\"https:\\\/\\\/happybodies.hidalgo.nl\\\/de\\\/klanten-portaal\\\/#webpage\",\"url\":\"https:\\\/\\\/happybodies.hidalgo.nl\\\/de\\\/klanten-portaal\\\/\",\"name\":\"Kundenportal | Happy Bodies Merchandise\",\"description\":\"Willkommen im Happy Bodies Merchandise-Portal. Dieses Portal wurde speziell f\\u00fcr Happy Bodies entwickelt und bietet einen \\u00dcberblick \\u00fcber verf\\u00fcgbare Merchandise-Artikel, die vollst\\u00e4ndig auf die Marke zugeschnitten sind. Dieses Kundenportal ist eine sichere Online-Umgebung speziell f\\u00fcr Happy Bodies, in der Sie einfach Merchandise-Artikel ansehen, verwalten und bestellen k\\u00f6nnen. Sind Sie neugierig, was wir f\\u00fcr Ihr Unternehmen\",\"inLanguage\":\"de-DE\",\"isPartOf\":{\"@id\":\"https:\\\/\\\/happybodies.hidalgo.nl\\\/de\\\/#website\"},\"breadcrumb\":{\"@id\":\"https:\\\/\\\/happybodies.hidalgo.nl\\\/de\\\/klanten-portaal\\\/#breadcrumblist\"},\"datePublished\":\"2026-01-29T08:35:29+00:00\",\"dateModified\":\"2026-01-29T08:51:57+00:00\"},{\"@type\":\"WebSite\",\"@id\":\"https:\\\/\\\/happybodies.hidalgo.nl\\\/de\\\/#website\",\"url\":\"https:\\\/\\\/happybodies.hidalgo.nl\\\/de\\\/\",\"name\":\"Happy Bodies Merchandise\",\"alternateName\":\"Happy Bodies Merchandise shop\",\"description\":\"Voor Happy Bodies Merchandise\",\"inLanguage\":\"de-DE\",\"publisher\":{\"@id\":\"https:\\\/\\\/happybodies.hidalgo.nl\\\/de\\\/#organization\"}}]}\n\t\t<\/script>\n\t\t<!-- All in One SEO Pro -->\r\n\t\t<title>Kundenportal | Happy Bodies Merchandise<\/title>\n\n","aioseo_head_json":{"title":"Kundenportal | Happy Bodies Merchandise","description":"Willkommen im Happy Bodies Merchandise-Portal. Dieses Portal wurde speziell f\u00fcr Happy Bodies entwickelt und bietet einen \u00dcberblick \u00fcber verf\u00fcgbare Merchandise-Artikel, die vollst\u00e4ndig auf die Marke zugeschnitten sind. Dieses Kundenportal ist eine sichere Online-Umgebung speziell f\u00fcr Happy Bodies, in der Sie einfach Merchandise-Artikel ansehen, verwalten und bestellen k\u00f6nnen. Sind Sie neugierig, was wir f\u00fcr Ihr Unternehmen","canonical_url":"https:\/\/happybodies.hidalgo.nl\/de\/wp-json\/wp\/v2\/pages\/977","robots":"max-image-preview:large","keywords":"","webmasterTools":{"google-site-verification":"BBMiYHShnVBoc8v9xoHf0FXMC27otVB0wiWxw_hFRrM","miscellaneous":""},"schema":{"@context":"https:\/\/schema.org","@graph":[{"@type":"BreadcrumbList","@id":"https:\/\/happybodies.hidalgo.nl\/de\/klanten-portaal\/#breadcrumblist","itemListElement":[{"@type":"ListItem","@id":"https:\/\/happybodies.hidalgo.nl\/de\/#listItem","position":1,"name":"Home","item":"https:\/\/happybodies.hidalgo.nl\/de\/","nextItem":{"@type":"ListItem","@id":"https:\/\/happybodies.hidalgo.nl\/de\/klanten-portaal\/#listItem","name":"Kundenportal"}},{"@type":"ListItem","@id":"https:\/\/happybodies.hidalgo.nl\/de\/klanten-portaal\/#listItem","position":2,"name":"Kundenportal","previousItem":{"@type":"ListItem","@id":"https:\/\/happybodies.hidalgo.nl\/de\/#listItem","name":"Home"}}]},{"@type":"Organization","@id":"https:\/\/happybodies.hidalgo.nl\/de\/#organization","name":"Happy Bodies Merchandise","description":"Voor Happy Bodies Merchandise","url":"https:\/\/happybodies.hidalgo.nl\/de\/","email":"info@hidalgo.nl","telephone":"+31793310133","foundingDate":"1993-01-01","numberOfEmployees":{"@type":"QuantitativeValue","value":4},"logo":{"@type":"ImageObject","url":"https:\/\/shop.hidalgo.nl\/wp-content\/uploads\/2026\/01\/Happy-Bodies-Powered-by-Hidalgo.jpg","@id":"https:\/\/happybodies.hidalgo.nl\/de\/klanten-portaal\/#organizationLogo","width":600,"height":599},"image":{"@id":"https:\/\/happybodies.hidalgo.nl\/de\/klanten-portaal\/#organizationLogo"},"sameAs":["https:\/\/www.facebook.com\/hidalgobagsandmore","https:\/\/x.com\/Hidalgo_BV","https:\/\/www.instagram.com\/hidalgobagsandmore\/","https:\/\/www.youtube.com\/@hidalgobagsandmore","https:\/\/nl.linkedin.com\/in\/rutgerblommers"]},{"@type":"WebPage","@id":"https:\/\/happybodies.hidalgo.nl\/de\/klanten-portaal\/#webpage","url":"https:\/\/happybodies.hidalgo.nl\/de\/klanten-portaal\/","name":"Kundenportal | Happy Bodies Merchandise","description":"Willkommen im Happy Bodies Merchandise-Portal. Dieses Portal wurde speziell f\u00fcr Happy Bodies entwickelt und bietet einen \u00dcberblick \u00fcber verf\u00fcgbare Merchandise-Artikel, die vollst\u00e4ndig auf die Marke zugeschnitten sind. Dieses Kundenportal ist eine sichere Online-Umgebung speziell f\u00fcr Happy Bodies, in der Sie einfach Merchandise-Artikel ansehen, verwalten und bestellen k\u00f6nnen. Sind Sie neugierig, was wir f\u00fcr Ihr Unternehmen","inLanguage":"de-DE","isPartOf":{"@id":"https:\/\/happybodies.hidalgo.nl\/de\/#website"},"breadcrumb":{"@id":"https:\/\/happybodies.hidalgo.nl\/de\/klanten-portaal\/#breadcrumblist"},"datePublished":"2026-01-29T08:35:29+00:00","dateModified":"2026-01-29T08:51:57+00:00"},{"@type":"WebSite","@id":"https:\/\/happybodies.hidalgo.nl\/de\/#website","url":"https:\/\/happybodies.hidalgo.nl\/de\/","name":"Happy Bodies Merchandise","alternateName":"Happy Bodies Merchandise shop","description":"Voor Happy Bodies Merchandise","inLanguage":"de-DE","publisher":{"@id":"https:\/\/happybodies.hidalgo.nl\/de\/#organization"}}]},"og:locale":"de_DE","og:site_name":"Happy Bodies Merchandise | Voor Happy Bodies Merchandise","og:type":"article","og:title":"Kundenportal | Happy Bodies Merchandise","og:description":"Willkommen im Happy Bodies Merchandise-Portal. Dieses Portal wurde speziell f\u00fcr Happy Bodies entwickelt und bietet einen \u00dcberblick \u00fcber verf\u00fcgbare Merchandise-Artikel, die vollst\u00e4ndig auf die Marke zugeschnitten sind. Dieses Kundenportal ist eine sichere Online-Umgebung speziell f\u00fcr Happy Bodies, in der Sie einfach Merchandise-Artikel ansehen, verwalten und bestellen k\u00f6nnen. Sind Sie neugierig, was wir f\u00fcr Ihr Unternehmen","og:url":"https:\/\/happybodies.hidalgo.nl\/de\/wp-json\/wp\/v2\/pages\/977","og:image":"https:\/\/shop.hidalgo.nl\/wp-content\/uploads\/2025\/12\/cropped-Logo.png","og:image:secure_url":"https:\/\/shop.hidalgo.nl\/wp-content\/uploads\/2025\/12\/cropped-Logo.png","article:published_time":"2026-01-29T08:35:29+00:00","article:modified_time":"2026-01-29T08:51:57+00:00","article:publisher":"https:\/\/www.facebook.com\/hidalgobagsandmore","twitter:card":"summary_large_image","twitter:site":"@Hidalgo_BV","twitter:title":"Kundenportal | Happy Bodies Merchandise","twitter:description":"Willkommen im Happy Bodies Merchandise-Portal. Dieses Portal wurde speziell f\u00fcr Happy Bodies entwickelt und bietet einen \u00dcberblick \u00fcber verf\u00fcgbare Merchandise-Artikel, die vollst\u00e4ndig auf die Marke zugeschnitten sind. Dieses Kundenportal ist eine sichere Online-Umgebung speziell f\u00fcr Happy Bodies, in der Sie einfach Merchandise-Artikel ansehen, verwalten und bestellen k\u00f6nnen. Sind Sie neugierig, was wir f\u00fcr Ihr Unternehmen","twitter:creator":"@Hidalgo_BV","twitter:image":"https:\/\/shop.hidalgo.nl\/wp-content\/uploads\/2025\/12\/cropped-Logo.png"},"aioseo_meta_data":{"post_id":"977","title":null,"description":null,"keywords":null,"keyphrases":{"focus":{"keyphrase":"","score":0,"analysis":{"keyphraseInTitle":{"score":0,"maxScore":9,"error":1}}},"additional":[]},"primary_term":null,"canonical_url":null,"og_title":null,"og_description":null,"og_object_type":"default","og_image_type":"default","og_image_url":null,"og_image_width":null,"og_image_height":null,"og_image_custom_url":null,"og_image_custom_fields":null,"og_video":"","og_custom_url":null,"og_article_section":null,"og_article_tags":null,"twitter_use_og":false,"twitter_card":"default","twitter_image_type":"default","twitter_image_url":null,"twitter_image_custom_url":null,"twitter_image_custom_fields":null,"twitter_title":null,"twitter_description":null,"schema":{"blockGraphs":[],"customGraphs":[],"default":{"data":{"Article":[],"Course":[],"Dataset":[],"FAQPage":[],"Movie":[],"Person":[],"Product":[],"ProductReview":[],"Car":[],"Recipe":[],"Service":[],"SoftwareApplication":[],"WebPage":[]},"graphName":"WebPage","isEnabled":true},"graphs":[]},"schema_type":"default","schema_type_options":null,"pillar_content":false,"robots_default":true,"robots_noindex":false,"robots_noarchive":false,"robots_nosnippet":false,"robots_nofollow":false,"robots_noimageindex":false,"robots_noodp":false,"robots_notranslate":false,"robots_max_snippet":"-1","robots_max_videopreview":"-1","robots_max_imagepreview":"large","priority":null,"frequency":"default","local_seo":null,"seo_analyzer_scan_date":"2026-01-29 09:01:47","breadcrumb_settings":null,"limit_modified_date":false,"reviewed_by":"0","open_ai":null,"ai":{"faqs":[],"keyPoints":[],"titles":[],"descriptions":[],"socialPosts":{"email":[],"linkedin":[],"twitter":[],"facebook":[],"instagram":[]}},"created":"2026-01-29 08:42:24","updated":"2026-01-29 09:57:15"},"aioseo_breadcrumb":"<div class=\"aioseo-breadcrumbs\"><span class=\"aioseo-breadcrumb\">\n\t<a href=\"https:\/\/happybodies.hidalgo.nl\/de\/\" title=\"Home\">Home<\/a>\n<\/span><span class=\"aioseo-breadcrumb-separator\">\u00bb<\/span><span class=\"aioseo-breadcrumb\">\n\tKundenportal\n<\/span><\/div>","aioseo_breadcrumb_json":[{"label":"Home","link":"https:\/\/happybodies.hidalgo.nl\/de\/"},{"label":"Kundenportal","link":"https:\/\/happybodies.hidalgo.nl\/de\/klanten-portaal\/"}],"_links":{"self":[{"href":"https:\/\/happybodies.hidalgo.nl\/de\/wp-json\/wp\/v2\/pages\/977","targetHints":{"allow":["GET"]}}],"collection":[{"href":"https:\/\/happybodies.hidalgo.nl\/de\/wp-json\/wp\/v2\/pages"}],"about":[{"href":"https:\/\/happybodies.hidalgo.nl\/de\/wp-json\/wp\/v2\/types\/page"}],"author":[{"embeddable":true,"href":"https:\/\/happybodies.hidalgo.nl\/de\/wp-json\/wp\/v2\/users\/6"}],"replies":[{"embeddable":true,"href":"https:\/\/happybodies.hidalgo.nl\/de\/wp-json\/wp\/v2\/comments?post=977"}],"version-history":[{"count":2,"href":"https:\/\/happybodies.hidalgo.nl\/de\/wp-json\/wp\/v2\/pages\/977\/revisions"}],"predecessor-version":[{"id":985,"href":"https:\/\/happybodies.hidalgo.nl\/de\/wp-json\/wp\/v2\/pages\/977\/revisions\/985"}],"wp:attachment":[{"href":"https:\/\/happybodies.hidalgo.nl\/de\/wp-json\/wp\/v2\/media?parent=977"}],"curies":[{"name":"wp","href":"https:\/\/api.w.org\/{rel}","templated":true}]}}