{"id":845,"date":"2026-01-06T13:45:29","date_gmt":"2026-01-06T13:45:29","guid":{"rendered":"https:\/\/happybodies.shop.hidalgo.nl\/datenschutzbestimmungen\/"},"modified":"2026-01-19T14:51:34","modified_gmt":"2026-01-19T14:51:34","slug":"datenschutzbestimmungen","status":"publish","type":"page","link":"https:\/\/happybodies.hidalgo.nl\/de\/datenschutzbestimmungen\/","title":{"rendered":"Datenschutzbestimmungen"},"content":{"rendered":"<p>Hidalgo, ans\u00e4ssig in der Platinastraat 52, 2718 RZ Zoetermeer, Niederlande, ist verantwortlich f\u00fcr die Verarbeitung von personenbezogenen Daten, wie in dieser Datenschutzerkl\u00e4rung dargestellt.<\/p>\n<p><strong>Kontaktdaten:<\/strong><br \/>\nPlatinastraat 52<br \/>\n2718 RZ Zoetermeer<br \/>\nNiederlande<br \/>\n+31 (0)79 33 101 33<br \/>\nRutger Blommers, der Datenschutzbeauftragte von Hidalgo, ist erreichbar unter info@hidalgo<\/p>\n<h3>Personenbezogene Daten, die wir verarbeiten<\/h3>\n<p>Hidalgo verarbeitet Ihre personenbezogenen Daten, weil Sie unsere Dienste nutzen und\/oder weil Sie uns diese Daten selbst zur Verf\u00fcgung stellen.<\/p>\n<p><strong>Nachfolgend finden Sie eine \u00dcbersicht \u00fcber die personenbezogenen Daten, die wir verarbeiten:<\/strong><\/p>\n<ul>\n<li>Vor- und Nachname<\/li>\n<li>Adressdaten<\/li>\n<li>Telefonnummer<\/li>\n<li>E-Mail-Adresse<\/li>\n<li>Standortdaten<\/li>\n<li>Internetbrowser und Ger\u00e4tetyp<\/li>\n<\/ul>\n<h3>Besondere bzw. sensible personenbezogene Daten, die wir verarbeiten<\/h3>\n<p>Unsere Website bzw. unser Dienst hat nicht die Absicht, Daten \u00fcber Website-Besucher zu sammeln, die j\u00fcnger als 16 Jahre sind, es sei denn, sie haben die Erlaubnis ihrer Eltern oder Erziehungsberechtigten. Wir k\u00f6nnen jedoch nicht kontrollieren, ob ein Besucher \u00e4lter als 16 Jahre ist. Wir empfehlen Eltern daher, sich an den Online-Aktivit\u00e4ten ihrer Kinder zu beteiligen, um zu verhindern, dass Daten \u00fcber Kinder ohne elterliche Zustimmung gesammelt werden. Wenn Sie davon \u00fcberzeugt sind, dass wir ohne diese Zustimmung personenbezogene Daten \u00fcber Minderj\u00e4hrige gesammelt haben, kontaktieren Sie uns bitte unter info@hidalgo.nl, dann werden wir diese Informationen l\u00f6schen.    <\/p>\n<h3>Zu welchem Zweck und auf welcher Grundlage wir personenbezogene Daten verarbeiten<\/h3>\n<p>Hidalgo verarbeitet Ihre personenbezogenen Daten f\u00fcr die folgenden Zwecke:<\/p>\n<ul>\n<li>Abwicklung Ihrer Zahlung<\/li>\n<li>Versand unseres Newsletters und\/oder Werbeprospekts<\/li>\n<li>Um Sie anrufen oder Ihnen eine E-Mail senden zu k\u00f6nnen, wenn dies zur Ausf\u00fchrung unserer Dienstleistungen erforderlich ist<\/li>\n<li>Um Waren und Dienstleistungen an Sie zu liefern<\/li>\n<\/ul>\n<h3>Automatisierte Entscheidungsfindung<\/h3>\n<p>Hidalgo trifft auf der Grundlage automatisierter Verarbeitungen Entscheidungen \u00fcber Angelegenheiten, die (erhebliche) Folgen f\u00fcr Personen haben k\u00f6nnen. Es handelt sich hierbei um Entscheidungen, die von Computerprogrammen oder -systemen getroffen werden, ohne dass ein Mensch (z. B. ein Mitarbeiter von Hidalgo) <\/p>\n<h3>Wie lange wir personenbezogene Daten speichern<\/h3>\n<p>Hidalgo speichert Ihre personenbezogenen Daten nicht l\u00e4nger als unbedingt erforderlich, um die Zwecke zu erreichen, f\u00fcr die Ihre Daten erhoben werden. Wir verwenden die folgenden Aufbewahrungsfristen f\u00fcr die folgenden (Kategorien) personenbezogener Daten: 5 Jahre. <\/p>\n<h3>Weitergabe von personenbezogenen Daten an Dritte<\/h3>\n<p>Hidalgo gibt Ihre personenbezogenen Daten an verschiedene Dritte weiter, wenn dies zur Erf\u00fcllung des Vertrags und zur Erf\u00fcllung einer eventuellen gesetzlichen Verpflichtung erforderlich ist. Mit Unternehmen, die Ihre Daten in unserem Auftrag verarbeiten, schlie\u00dfen wir eine Verarbeitungsvereinbarung ab, um ein gleichwertiges Sicherheits- und Vertraulichkeitsniveau Ihrer Daten zu gew\u00e4hrleisten. Hidalgo bleibt f\u00fcr diese Verarbeitungen verantwortlich. Dar\u00fcber hinaus stellt Hidalgo Ihre personenbezogenen Daten anderen Dritten zur Verf\u00fcgung. Dies tun wir nur mit Ihrer ausdr\u00fccklichen Zustimmung. [f\u00fcgen Sie hier eine Tabelle hinzu mit: der Kategorie, zu der der Dritte geh\u00f6rt, Name und Gerichtsbarkeit, Zweck und welche Daten.]     <\/p>\n<h3>Cookies oder \u00e4hnliche Techniken, die wir verwenden<\/h3>\n<p>Hidalgo verwendet funktionale, analytische und Tracking-Cookies. Ein Cookie ist eine kleine Textdatei, die beim ersten Besuch dieser Website im Browser Ihres Computers, Tablets oder Smartphones gespeichert wird. Hidalgo verwendet Cookies mit einer rein technischen Funktionalit\u00e4t. Diese sorgen daf\u00fcr, dass die Website ordnungsgem\u00e4\u00df funktioniert und dass beispielsweise Ihre bevorzugten Einstellungen gespeichert werden. Diese Cookies werden auch verwendet, um die Website ordnungsgem\u00e4\u00df funktionieren und diese optimieren zu k\u00f6nnen. Dar\u00fcber hinaus platzieren wir Cookies, die Ihr Surfverhalten verfolgen, damit wir ma\u00dfgeschneiderte Inhalte und Werbung anbieten k\u00f6nnen. Bei Ihrem ersten Besuch auf unserer Website haben wir Sie bereits \u00fcber diese Cookies informiert und Sie um Ihre Zustimmung zu deren Platzierung gebeten. Sie k\u00f6nnen sich von Cookies abmelden, indem Sie Ihren Internetbrowser so einstellen, dass er keine Cookies mehr speichert. Dar\u00fcber hinaus k\u00f6nnen Sie auch alle Informationen, die zuvor gespeichert wurden, \u00fcber die Einstellungen Ihres Browsers l\u00f6schen. Eine Erl\u00e4uterung finden Sie unter: https:\/\/veiliginternetten.nl\/themes\/situatie\/cookies-wat-zijn-het-en-wat-doe-ik-ermee\/<br \/>\nAuf dieser Website werden auch Cookies von Dritten platziert. Dies sind beispielsweise Werbetreibende und\/oder Social-Media-Unternehmen. Nachfolgend eine \u00dcbersicht: [Beispiel: Cookie: Googly Analytics Name: _utma Funktion: Analytischer Cookie, der Website-Besuche misst Aufbewahrungsfrist: 2 Jahre]           <\/p>\n<h3>Daten einsehen, anpassen oder l\u00f6schen<\/h3>\n<p>Sie haben das Recht, Ihre personenbezogenen Daten einzusehen, zu korrigieren oder zu l\u00f6schen. Dar\u00fcber hinaus haben Sie das Recht, Ihre eventuelle Einwilligung zur Datenverarbeitung zu widerrufen oder Widerspruch gegen die Verarbeitung Ihrer personenbezogenen Daten durch Hidalgo einzulegen, und Sie haben das Recht auf Daten\u00fcbertragbarkeit. Das bedeutet, dass Sie bei uns einen Antrag stellen k\u00f6nnen, um die personenbezogenen Daten, die wir von Ihnen haben, in einer Computerdatei an Sie oder eine andere von Ihnen genannte Organisation zu senden. Sie k\u00f6nnen einen Antrag auf Einsicht, Korrektur, L\u00f6schung, Daten\u00fcbertragung Ihrer personenbezogenen Daten oder einen Antrag auf Widerruf Ihrer Einwilligung oder Widerspruch gegen die Verarbeitung Ihrer personenbezogenen Daten an info@hidalgo.nl senden. Um sicherzustellen, dass der Antrag auf Einsicht von Ihnen gestellt wurde, bitten wir Sie, eine Kopie Ihres Ausweises mit dem Antrag mitzusenden. Machen Sie in dieser Kopie Ihr Passfoto, die MRZ (machine readable zone, die Zahlenreihe am unteren Rand des Passes), die Passnummer und die B\u00fcrgerservicenummer (BSN) unkenntlich. Dies dient dem Schutz Ihrer Privatsph\u00e4re. Wir werden so schnell wie m\u00f6glich, jedoch innerhalb von vier Wochen, auf Ihre Anfrage antworten. Hidalgo m\u00f6chte Sie au\u00dferdem darauf hinweisen, dass Sie die M\u00f6glichkeit haben, eine Beschwerde bei der nationalen Aufsichtsbeh\u00f6rde, der Autoriteit Persoonsgegevens, einzureichen. Dies ist \u00fcber den folgenden Link m\u00f6glich: https:\/\/autoriteitpersoonsgegevens.nl\/nl\/contact-met-de-autoriteit-persoonsgegevens\/tip-ons         <\/p>\n<h3>Wie wir personenbezogene Daten sch\u00fctzen<\/h3>\n<p>Hidalgo nimmt den Schutz Ihrer Daten ernst und ergreift geeignete Ma\u00dfnahmen, um Missbrauch, Verlust, unbefugten Zugriff, unerw\u00fcnschte Offenlegung und unzul\u00e4ssige \u00c4nderung zu verhindern. Wenn Sie den Eindruck haben, dass Ihre Daten nicht gut gesch\u00fctzt sind oder es Hinweise auf Missbrauch gibt, wenden Sie sich bitte an unseren Kundenservice oder \u00fcber <a href=\"mailto:info@hidalgo.n\">info@hidalgo.nl<\/a> <\/p>\n","protected":false},"excerpt":{"rendered":"<p>Hidalgo, ans\u00e4ssig in der Platinastraat 52, 2718 RZ Zoetermeer, Niederlande, ist verantwortlich f\u00fcr die Verarbeitung von personenbezogenen Daten, wie in dieser Datenschutzerkl\u00e4rung dargestellt. Kontaktdaten: Platinastraat 52 2718 RZ Zoetermeer Niederlande +31 (0)79 33 101 33 Rutger Blommers, der Datenschutzbeauftragte von Hidalgo, ist erreichbar unter info@hidalgo Personenbezogene Daten, die wir verarbeiten Hidalgo verarbeitet Ihre personenbezogenen Daten,&hellip; <a class=\"more-link\" href=\"https:\/\/happybodies.hidalgo.nl\/de\/datenschutzbestimmungen\/\"><span class=\"screen-reader-text\">Datenschutzbestimmungen<\/span> weiterlesen<\/a><\/p>\n","protected":false},"author":6,"featured_media":0,"parent":0,"menu_order":0,"comment_status":"closed","ping_status":"closed","template":"","meta":{"_acf_changed":false,"om_disable_all_campaigns":false,"_monsterinsights_skip_tracking":false,"_monsterinsights_sitenote_active":false,"_monsterinsights_sitenote_note":"","_monsterinsights_sitenote_category":0,"footnotes":""},"class_list":["post-845","page","type-page","status-publish","hentry","entry"],"acf":[],"aioseo_notices":[],"aioseo_head":"\n\t\t<!-- All in One SEO Pro 4.9.7.1 - aioseo.com -->\n\t<meta name=\"description\" content=\"Hidalgo, ans\u00e4ssig in der Platinastraat 52, 2718 RZ Zoetermeer, Niederlande, ist verantwortlich f\u00fcr die Verarbeitung von personenbezogenen Daten, wie in dieser Datenschutzerkl\u00e4rung dargestellt. Kontaktdaten: Platinastraat 52 2718 RZ Zoetermeer Niederlande +31 (0)79 33 101 33 Rutger Blommers, der Datenschutzbeauftragte von Hidalgo, ist erreichbar unter info@hidalgo Personenbezogene Daten, die wir verarbeiten Hidalgo verarbeitet Ihre personenbezogenen Daten,\" \/>\n\t<meta name=\"robots\" content=\"max-image-preview:large\" \/>\n\t<meta name=\"google-site-verification\" content=\"BBMiYHShnVBoc8v9xoHf0FXMC27otVB0wiWxw_hFRrM\" \/>\n\t<link rel=\"canonical\" href=\"https:\/\/happybodies.hidalgo.nl\/de\/wp-json\/wp\/v2\/pages\/845\" \/>\n\t<meta name=\"generator\" content=\"All in One SEO Pro (AIOSEO) 4.9.7.1\" \/>\n\t\t<meta property=\"og:locale\" content=\"de_DE\" \/>\n\t\t<meta property=\"og:site_name\" content=\"Happy Bodies Merchandise | Voor Happy Bodies Merchandise\" \/>\n\t\t<meta property=\"og:type\" content=\"article\" \/>\n\t\t<meta property=\"og:title\" content=\"Datenschutzbestimmungen | Happy Bodies Merchandise\" \/>\n\t\t<meta property=\"og:description\" content=\"Hidalgo, ans\u00e4ssig in der Platinastraat 52, 2718 RZ Zoetermeer, Niederlande, ist verantwortlich f\u00fcr die Verarbeitung von personenbezogenen Daten, wie in dieser Datenschutzerkl\u00e4rung dargestellt. Kontaktdaten: Platinastraat 52 2718 RZ Zoetermeer Niederlande +31 (0)79 33 101 33 Rutger Blommers, der Datenschutzbeauftragte von Hidalgo, ist erreichbar unter info@hidalgo Personenbezogene Daten, die wir verarbeiten Hidalgo verarbeitet Ihre personenbezogenen Daten,\" \/>\n\t\t<meta property=\"og:url\" content=\"https:\/\/happybodies.hidalgo.nl\/de\/wp-json\/wp\/v2\/pages\/845\" \/>\n\t\t<meta property=\"og:image\" content=\"https:\/\/shop.hidalgo.nl\/wp-content\/uploads\/2025\/12\/cropped-Logo.png\" \/>\n\t\t<meta property=\"og:image:secure_url\" content=\"https:\/\/shop.hidalgo.nl\/wp-content\/uploads\/2025\/12\/cropped-Logo.png\" \/>\n\t\t<meta property=\"article:published_time\" content=\"2026-01-06T13:45:29+00:00\" \/>\n\t\t<meta property=\"article:modified_time\" content=\"2026-01-19T14:51:34+00:00\" \/>\n\t\t<meta property=\"article:publisher\" content=\"https:\/\/www.facebook.com\/hidalgobagsandmore\" \/>\n\t\t<meta name=\"twitter:card\" content=\"summary_large_image\" \/>\n\t\t<meta name=\"twitter:site\" content=\"@Hidalgo_BV\" \/>\n\t\t<meta name=\"twitter:title\" content=\"Datenschutzbestimmungen | Happy Bodies Merchandise\" \/>\n\t\t<meta name=\"twitter:description\" content=\"Hidalgo, ans\u00e4ssig in der Platinastraat 52, 2718 RZ Zoetermeer, Niederlande, ist verantwortlich f\u00fcr die Verarbeitung von personenbezogenen Daten, wie in dieser Datenschutzerkl\u00e4rung dargestellt. Kontaktdaten: Platinastraat 52 2718 RZ Zoetermeer Niederlande +31 (0)79 33 101 33 Rutger Blommers, der Datenschutzbeauftragte von Hidalgo, ist erreichbar unter info@hidalgo Personenbezogene Daten, die wir verarbeiten Hidalgo verarbeitet Ihre personenbezogenen Daten,\" \/>\n\t\t<meta name=\"twitter:creator\" content=\"@Hidalgo_BV\" \/>\n\t\t<meta name=\"twitter:image\" content=\"https:\/\/shop.hidalgo.nl\/wp-content\/uploads\/2025\/12\/cropped-Logo.png\" \/>\n\t\t<script type=\"application\/ld+json\" class=\"aioseo-schema\">\n\t\t\t{\"@context\":\"https:\\\/\\\/schema.org\",\"@graph\":[{\"@type\":\"BreadcrumbList\",\"@id\":\"https:\\\/\\\/happybodies.hidalgo.nl\\\/de\\\/datenschutzbestimmungen\\\/#breadcrumblist\",\"itemListElement\":[{\"@type\":\"ListItem\",\"@id\":\"https:\\\/\\\/happybodies.hidalgo.nl\\\/de\\\/#listItem\",\"position\":1,\"name\":\"Home\",\"item\":\"https:\\\/\\\/happybodies.hidalgo.nl\\\/de\\\/\",\"nextItem\":{\"@type\":\"ListItem\",\"@id\":\"https:\\\/\\\/happybodies.hidalgo.nl\\\/de\\\/datenschutzbestimmungen\\\/#listItem\",\"name\":\"Datenschutzbestimmungen\"}},{\"@type\":\"ListItem\",\"@id\":\"https:\\\/\\\/happybodies.hidalgo.nl\\\/de\\\/datenschutzbestimmungen\\\/#listItem\",\"position\":2,\"name\":\"Datenschutzbestimmungen\",\"previousItem\":{\"@type\":\"ListItem\",\"@id\":\"https:\\\/\\\/happybodies.hidalgo.nl\\\/de\\\/#listItem\",\"name\":\"Home\"}}]},{\"@type\":\"Organization\",\"@id\":\"https:\\\/\\\/happybodies.hidalgo.nl\\\/de\\\/#organization\",\"name\":\"Happy Bodies Merchandise\",\"description\":\"Voor Happy Bodies Merchandise\",\"url\":\"https:\\\/\\\/happybodies.hidalgo.nl\\\/de\\\/\",\"email\":\"info@hidalgo.nl\",\"telephone\":\"+31793310133\",\"foundingDate\":\"1993-01-01\",\"numberOfEmployees\":{\"@type\":\"QuantitativeValue\",\"value\":4},\"logo\":{\"@type\":\"ImageObject\",\"url\":\"https:\\\/\\\/shop.hidalgo.nl\\\/wp-content\\\/uploads\\\/2026\\\/01\\\/Happy-Bodies-Powered-by-Hidalgo.jpg\",\"@id\":\"https:\\\/\\\/happybodies.hidalgo.nl\\\/de\\\/datenschutzbestimmungen\\\/#organizationLogo\",\"width\":600,\"height\":599},\"image\":{\"@id\":\"https:\\\/\\\/happybodies.hidalgo.nl\\\/de\\\/datenschutzbestimmungen\\\/#organizationLogo\"},\"sameAs\":[\"https:\\\/\\\/www.facebook.com\\\/hidalgobagsandmore\",\"https:\\\/\\\/x.com\\\/Hidalgo_BV\",\"https:\\\/\\\/www.instagram.com\\\/hidalgobagsandmore\\\/\",\"https:\\\/\\\/www.youtube.com\\\/@hidalgobagsandmore\",\"https:\\\/\\\/nl.linkedin.com\\\/in\\\/rutgerblommers\"]},{\"@type\":\"WebPage\",\"@id\":\"https:\\\/\\\/happybodies.hidalgo.nl\\\/de\\\/datenschutzbestimmungen\\\/#webpage\",\"url\":\"https:\\\/\\\/happybodies.hidalgo.nl\\\/de\\\/datenschutzbestimmungen\\\/\",\"name\":\"Datenschutzbestimmungen | Happy Bodies Merchandise\",\"description\":\"Hidalgo, ans\\u00e4ssig in der Platinastraat 52, 2718 RZ Zoetermeer, Niederlande, ist verantwortlich f\\u00fcr die Verarbeitung von personenbezogenen Daten, wie in dieser Datenschutzerkl\\u00e4rung dargestellt. Kontaktdaten: Platinastraat 52 2718 RZ Zoetermeer Niederlande +31 (0)79 33 101 33 Rutger Blommers, der Datenschutzbeauftragte von Hidalgo, ist erreichbar unter info@hidalgo Personenbezogene Daten, die wir verarbeiten Hidalgo verarbeitet Ihre personenbezogenen Daten,\",\"inLanguage\":\"de-DE\",\"isPartOf\":{\"@id\":\"https:\\\/\\\/happybodies.hidalgo.nl\\\/de\\\/#website\"},\"breadcrumb\":{\"@id\":\"https:\\\/\\\/happybodies.hidalgo.nl\\\/de\\\/datenschutzbestimmungen\\\/#breadcrumblist\"},\"datePublished\":\"2026-01-06T13:45:29+00:00\",\"dateModified\":\"2026-01-19T14:51:34+00:00\"},{\"@type\":\"WebSite\",\"@id\":\"https:\\\/\\\/happybodies.hidalgo.nl\\\/de\\\/#website\",\"url\":\"https:\\\/\\\/happybodies.hidalgo.nl\\\/de\\\/\",\"name\":\"Happy Bodies Merchandise\",\"alternateName\":\"Happy Bodies Merchandise shop\",\"description\":\"Voor Happy Bodies Merchandise\",\"inLanguage\":\"de-DE\",\"publisher\":{\"@id\":\"https:\\\/\\\/happybodies.hidalgo.nl\\\/de\\\/#organization\"}}]}\n\t\t<\/script>\n\t\t<!-- All in One SEO Pro -->\r\n\t\t<title>Datenschutzbestimmungen | Happy Bodies Merchandise<\/title>\n\n","aioseo_head_json":{"title":"Datenschutzbestimmungen | Happy Bodies Merchandise","description":"Hidalgo, ans\u00e4ssig in der Platinastraat 52, 2718 RZ Zoetermeer, Niederlande, ist verantwortlich f\u00fcr die Verarbeitung von personenbezogenen Daten, wie in dieser Datenschutzerkl\u00e4rung dargestellt. Kontaktdaten: Platinastraat 52 2718 RZ Zoetermeer Niederlande +31 (0)79 33 101 33 Rutger Blommers, der Datenschutzbeauftragte von Hidalgo, ist erreichbar unter info@hidalgo Personenbezogene Daten, die wir verarbeiten Hidalgo verarbeitet Ihre personenbezogenen Daten,","canonical_url":"https:\/\/happybodies.hidalgo.nl\/de\/wp-json\/wp\/v2\/pages\/845","robots":"max-image-preview:large","keywords":"","webmasterTools":{"google-site-verification":"BBMiYHShnVBoc8v9xoHf0FXMC27otVB0wiWxw_hFRrM","miscellaneous":""},"schema":{"@context":"https:\/\/schema.org","@graph":[{"@type":"BreadcrumbList","@id":"https:\/\/happybodies.hidalgo.nl\/de\/datenschutzbestimmungen\/#breadcrumblist","itemListElement":[{"@type":"ListItem","@id":"https:\/\/happybodies.hidalgo.nl\/de\/#listItem","position":1,"name":"Home","item":"https:\/\/happybodies.hidalgo.nl\/de\/","nextItem":{"@type":"ListItem","@id":"https:\/\/happybodies.hidalgo.nl\/de\/datenschutzbestimmungen\/#listItem","name":"Datenschutzbestimmungen"}},{"@type":"ListItem","@id":"https:\/\/happybodies.hidalgo.nl\/de\/datenschutzbestimmungen\/#listItem","position":2,"name":"Datenschutzbestimmungen","previousItem":{"@type":"ListItem","@id":"https:\/\/happybodies.hidalgo.nl\/de\/#listItem","name":"Home"}}]},{"@type":"Organization","@id":"https:\/\/happybodies.hidalgo.nl\/de\/#organization","name":"Happy Bodies Merchandise","description":"Voor Happy Bodies Merchandise","url":"https:\/\/happybodies.hidalgo.nl\/de\/","email":"info@hidalgo.nl","telephone":"+31793310133","foundingDate":"1993-01-01","numberOfEmployees":{"@type":"QuantitativeValue","value":4},"logo":{"@type":"ImageObject","url":"https:\/\/shop.hidalgo.nl\/wp-content\/uploads\/2026\/01\/Happy-Bodies-Powered-by-Hidalgo.jpg","@id":"https:\/\/happybodies.hidalgo.nl\/de\/datenschutzbestimmungen\/#organizationLogo","width":600,"height":599},"image":{"@id":"https:\/\/happybodies.hidalgo.nl\/de\/datenschutzbestimmungen\/#organizationLogo"},"sameAs":["https:\/\/www.facebook.com\/hidalgobagsandmore","https:\/\/x.com\/Hidalgo_BV","https:\/\/www.instagram.com\/hidalgobagsandmore\/","https:\/\/www.youtube.com\/@hidalgobagsandmore","https:\/\/nl.linkedin.com\/in\/rutgerblommers"]},{"@type":"WebPage","@id":"https:\/\/happybodies.hidalgo.nl\/de\/datenschutzbestimmungen\/#webpage","url":"https:\/\/happybodies.hidalgo.nl\/de\/datenschutzbestimmungen\/","name":"Datenschutzbestimmungen | Happy Bodies Merchandise","description":"Hidalgo, ans\u00e4ssig in der Platinastraat 52, 2718 RZ Zoetermeer, Niederlande, ist verantwortlich f\u00fcr die Verarbeitung von personenbezogenen Daten, wie in dieser Datenschutzerkl\u00e4rung dargestellt. Kontaktdaten: Platinastraat 52 2718 RZ Zoetermeer Niederlande +31 (0)79 33 101 33 Rutger Blommers, der Datenschutzbeauftragte von Hidalgo, ist erreichbar unter info@hidalgo Personenbezogene Daten, die wir verarbeiten Hidalgo verarbeitet Ihre personenbezogenen Daten,","inLanguage":"de-DE","isPartOf":{"@id":"https:\/\/happybodies.hidalgo.nl\/de\/#website"},"breadcrumb":{"@id":"https:\/\/happybodies.hidalgo.nl\/de\/datenschutzbestimmungen\/#breadcrumblist"},"datePublished":"2026-01-06T13:45:29+00:00","dateModified":"2026-01-19T14:51:34+00:00"},{"@type":"WebSite","@id":"https:\/\/happybodies.hidalgo.nl\/de\/#website","url":"https:\/\/happybodies.hidalgo.nl\/de\/","name":"Happy Bodies Merchandise","alternateName":"Happy Bodies Merchandise shop","description":"Voor Happy Bodies Merchandise","inLanguage":"de-DE","publisher":{"@id":"https:\/\/happybodies.hidalgo.nl\/de\/#organization"}}]},"og:locale":"de_DE","og:site_name":"Happy Bodies Merchandise | Voor Happy Bodies Merchandise","og:type":"article","og:title":"Datenschutzbestimmungen | Happy Bodies Merchandise","og:description":"Hidalgo, ans\u00e4ssig in der Platinastraat 52, 2718 RZ Zoetermeer, Niederlande, ist verantwortlich f\u00fcr die Verarbeitung von personenbezogenen Daten, wie in dieser Datenschutzerkl\u00e4rung dargestellt. Kontaktdaten: Platinastraat 52 2718 RZ Zoetermeer Niederlande +31 (0)79 33 101 33 Rutger Blommers, der Datenschutzbeauftragte von Hidalgo, ist erreichbar unter info@hidalgo Personenbezogene Daten, die wir verarbeiten Hidalgo verarbeitet Ihre personenbezogenen Daten,","og:url":"https:\/\/happybodies.hidalgo.nl\/de\/wp-json\/wp\/v2\/pages\/845","og:image":"https:\/\/shop.hidalgo.nl\/wp-content\/uploads\/2025\/12\/cropped-Logo.png","og:image:secure_url":"https:\/\/shop.hidalgo.nl\/wp-content\/uploads\/2025\/12\/cropped-Logo.png","article:published_time":"2026-01-06T13:45:29+00:00","article:modified_time":"2026-01-19T14:51:34+00:00","article:publisher":"https:\/\/www.facebook.com\/hidalgobagsandmore","twitter:card":"summary_large_image","twitter:site":"@Hidalgo_BV","twitter:title":"Datenschutzbestimmungen | Happy Bodies Merchandise","twitter:description":"Hidalgo, ans\u00e4ssig in der Platinastraat 52, 2718 RZ Zoetermeer, Niederlande, ist verantwortlich f\u00fcr die Verarbeitung von personenbezogenen Daten, wie in dieser Datenschutzerkl\u00e4rung dargestellt. Kontaktdaten: Platinastraat 52 2718 RZ Zoetermeer Niederlande +31 (0)79 33 101 33 Rutger Blommers, der Datenschutzbeauftragte von Hidalgo, ist erreichbar unter info@hidalgo Personenbezogene Daten, die wir verarbeiten Hidalgo verarbeitet Ihre personenbezogenen Daten,","twitter:creator":"@Hidalgo_BV","twitter:image":"https:\/\/shop.hidalgo.nl\/wp-content\/uploads\/2025\/12\/cropped-Logo.png"},"aioseo_meta_data":{"post_id":"845","title":null,"description":null,"keywords":null,"keyphrases":{"focus":{"keyphrase":"","score":0,"analysis":{"keyphraseInTitle":{"score":0,"maxScore":9,"error":1}}},"additional":[]},"primary_term":null,"canonical_url":null,"og_title":null,"og_description":null,"og_object_type":"default","og_image_type":"default","og_image_url":null,"og_image_width":null,"og_image_height":null,"og_image_custom_url":null,"og_image_custom_fields":null,"og_video":"","og_custom_url":null,"og_article_section":null,"og_article_tags":null,"twitter_use_og":false,"twitter_card":"default","twitter_image_type":"default","twitter_image_url":null,"twitter_image_custom_url":null,"twitter_image_custom_fields":null,"twitter_title":null,"twitter_description":null,"schema":{"blockGraphs":[],"customGraphs":[],"default":{"data":{"Article":[],"Course":[],"Dataset":[],"FAQPage":[],"Movie":[],"Person":[],"Product":[],"ProductReview":[],"Car":[],"Recipe":[],"Service":[],"SoftwareApplication":[],"WebPage":[]},"graphName":"WebPage","isEnabled":true},"graphs":[]},"schema_type":"default","schema_type_options":null,"pillar_content":false,"robots_default":true,"robots_noindex":false,"robots_noarchive":false,"robots_nosnippet":false,"robots_nofollow":false,"robots_noimageindex":false,"robots_noodp":false,"robots_notranslate":false,"robots_max_snippet":"-1","robots_max_videopreview":"-1","robots_max_imagepreview":"large","priority":null,"frequency":"default","local_seo":null,"seo_analyzer_scan_date":"2026-01-20 12:32:14","breadcrumb_settings":null,"limit_modified_date":false,"reviewed_by":null,"open_ai":null,"ai":{"faqs":[],"keyPoints":[],"titles":[],"descriptions":[],"socialPosts":{"email":[],"linkedin":[],"twitter":[],"facebook":[],"instagram":[]}},"created":"2026-01-19 14:51:34","updated":"2026-01-29 09:56:03"},"aioseo_breadcrumb":"<div class=\"aioseo-breadcrumbs\"><span class=\"aioseo-breadcrumb\">\n\t<a href=\"https:\/\/happybodies.hidalgo.nl\/de\/\" title=\"Home\">Home<\/a>\n<\/span><span class=\"aioseo-breadcrumb-separator\">\u00bb<\/span><span class=\"aioseo-breadcrumb\">\n\tDatenschutzbestimmungen\n<\/span><\/div>","aioseo_breadcrumb_json":[{"label":"Home","link":"https:\/\/happybodies.hidalgo.nl\/de\/"},{"label":"Datenschutzbestimmungen","link":"https:\/\/happybodies.hidalgo.nl\/de\/datenschutzbestimmungen\/"}],"_links":{"self":[{"href":"https:\/\/happybodies.hidalgo.nl\/de\/wp-json\/wp\/v2\/pages\/845","targetHints":{"allow":["GET"]}}],"collection":[{"href":"https:\/\/happybodies.hidalgo.nl\/de\/wp-json\/wp\/v2\/pages"}],"about":[{"href":"https:\/\/happybodies.hidalgo.nl\/de\/wp-json\/wp\/v2\/types\/page"}],"author":[{"embeddable":true,"href":"https:\/\/happybodies.hidalgo.nl\/de\/wp-json\/wp\/v2\/users\/6"}],"replies":[{"embeddable":true,"href":"https:\/\/happybodies.hidalgo.nl\/de\/wp-json\/wp\/v2\/comments?post=845"}],"version-history":[{"count":1,"href":"https:\/\/happybodies.hidalgo.nl\/de\/wp-json\/wp\/v2\/pages\/845\/revisions"}],"predecessor-version":[{"id":846,"href":"https:\/\/happybodies.hidalgo.nl\/de\/wp-json\/wp\/v2\/pages\/845\/revisions\/846"}],"wp:attachment":[{"href":"https:\/\/happybodies.hidalgo.nl\/de\/wp-json\/wp\/v2\/media?parent=845"}],"curies":[{"name":"wp","href":"https:\/\/api.w.org\/{rel}","templated":true}]}}