{"id":823,"date":"2026-01-06T13:50:50","date_gmt":"2026-01-06T13:50:50","guid":{"rendered":"https:\/\/happybodies.shop.hidalgo.nl\/zahlungsmethode\/"},"modified":"2026-01-29T13:08:17","modified_gmt":"2026-01-29T13:08:17","slug":"zahlungsmethode","status":"publish","type":"page","link":"https:\/\/happybodies.hidalgo.nl\/de\/zahlungsmethode\/","title":{"rendered":"Zahlungsmethode"},"content":{"rendered":"<p>Hidalgo ist bestrebt, allen Kunden eine passende Zahlungsmethode anzubieten. Alle Zahlungen erfolgen in einer sicheren Zahlungsumgebung, Ihre Daten werden sicher und verschl\u00fcsselt \u00fcbertragen. <\/p>\n<p>Die Zahlungsmethoden, die wir derzeit anbieten:<\/p>\n<table class=\"paymentmethods\">\n<thead>\n<tr>\n<th class=\"small-2\">Zahlungsmethode<\/th>\n<th class=\"small-8\">Beschreibung<\/th>\n<th class=\"small-2\">Abdeckung<\/th>\n<\/tr>\n<\/thead>\n<tbody>\n<tr>\n<td>iDeal<\/td>\n<td>Mit iDEAL k\u00f6nnen Sie die Zahlung direkt in der vertrauten Online-Banking-Umgebung Ihrer eigenen Bank abwickeln.<\/td>\n<td>Niederlande<\/td>\n<\/tr>\n<tr>\n<td>Kreditkarte<\/td>\n<td>Wir akzeptieren auch Zahlungen mit Mastercard, Maestro und Visa. Kreditkartenzahlungen werden sowohl von unseren niederl\u00e4ndischen als auch von unseren belgischen Kunden akzeptiert.<\/td>\n<td>Niederlande\/Belgien<\/td>\n<\/tr>\n<tr>\n<td>Bancontact \/ Mister Cash<\/td>\n<td>Mit Bancontact \/ Mister Cash k\u00f6nnen belgische Kontoinhaber einfach online mit ihrer Bankkarte bezahlen.<\/td>\n<td>Belgien<\/td>\n<\/tr>\n<tr>\n<td>PayPal<\/td>\n<td>Mit PayPal zahlen Sie schnell und sicher online. Sie ben\u00f6tigen hierf\u00fcr ein PayPal-Konto.<\/td>\n<td>Weltweit<\/td>\n<\/tr>\n<tr>\n<td>Auf Rechnung<\/td>\n<td>Wenn Sie die Zahlung \u201eAuf Rechnung\u201c w\u00e4hlen, erhalten Sie die Rechnung bei Lieferung Ihrer Bestellung. Sie haben dann 14 Tage Zeit, um die Rechnung zu begleichen.<\/p>\n<p>Bitte beachten Sie: Um diese Zahlungsmethode nutzen zu k\u00f6nnen, m\u00fcssen Sie unsere Bedingungen erf\u00fcllen.<\/td>\n<td>Weltweit<\/td>\n<\/tr>\n<\/tbody>\n<\/table>\n<p>Unsere Zahlungen laufen \u00fcber Mollie Payments, eine Online-Bezahlplattform. Hier laufen Zahlungen sicher und gesch\u00fctzt ab, ohne \u00dcberraschungen.  <a href=\"https:\/\/www.mollie.com\/nl\/about\">F\u00fcr Informationen \u00fcber Mollie Payments klicken Sie hier.<\/a><\/p>\n","protected":false},"excerpt":{"rendered":"<p>Hidalgo ist bestrebt, allen Kunden eine passende Zahlungsmethode anzubieten. Alle Zahlungen erfolgen in einer sicheren Zahlungsumgebung, Ihre Daten werden sicher und verschl\u00fcsselt \u00fcbertragen. Die Zahlungsmethoden, die wir derzeit anbieten: Zahlungsmethode Beschreibung Abdeckung iDeal Mit iDEAL k\u00f6nnen Sie die Zahlung direkt in der vertrauten Online-Banking-Umgebung Ihrer eigenen Bank abwickeln. Niederlande Kreditkarte Wir akzeptieren auch Zahlungen mit&hellip; <a class=\"more-link\" href=\"https:\/\/happybodies.hidalgo.nl\/de\/zahlungsmethode\/\"><span class=\"screen-reader-text\">Zahlungsmethode<\/span> weiterlesen<\/a><\/p>\n","protected":false},"author":6,"featured_media":0,"parent":0,"menu_order":0,"comment_status":"closed","ping_status":"closed","template":"","meta":{"_acf_changed":false,"om_disable_all_campaigns":false,"_monsterinsights_skip_tracking":false,"_monsterinsights_sitenote_active":false,"_monsterinsights_sitenote_note":"","_monsterinsights_sitenote_category":0,"footnotes":""},"class_list":["post-823","page","type-page","status-publish","hentry","entry"],"acf":[],"aioseo_notices":[],"aioseo_head":"\n\t\t<!-- All in One SEO Pro 4.9.7.1 - aioseo.com -->\n\t<meta name=\"description\" content=\"Hidalgo ist bestrebt, allen Kunden eine passende Zahlungsmethode anzubieten. Alle Zahlungen erfolgen in einer sicheren Zahlungsumgebung, Ihre Daten werden sicher und verschl\u00fcsselt \u00fcbertragen. Die Zahlungsmethoden, die wir derzeit anbieten: Zahlungsmethode Beschreibung Abdeckung iDeal Mit iDEAL k\u00f6nnen Sie die Zahlung direkt in der vertrauten Online-Banking-Umgebung Ihrer eigenen Bank abwickeln. Niederlande Kreditkarte Wir akzeptieren auch Zahlungen mit\" \/>\n\t<meta name=\"robots\" content=\"max-image-preview:large\" \/>\n\t<meta name=\"google-site-verification\" content=\"BBMiYHShnVBoc8v9xoHf0FXMC27otVB0wiWxw_hFRrM\" \/>\n\t<link rel=\"canonical\" href=\"https:\/\/happybodies.hidalgo.nl\/de\/wp-json\/wp\/v2\/pages\/823\" \/>\n\t<meta name=\"generator\" content=\"All in One SEO Pro (AIOSEO) 4.9.7.1\" \/>\n\t\t<meta property=\"og:locale\" content=\"de_DE\" \/>\n\t\t<meta property=\"og:site_name\" content=\"Happy Bodies Merchandise | Voor Happy Bodies Merchandise\" \/>\n\t\t<meta property=\"og:type\" content=\"article\" \/>\n\t\t<meta property=\"og:title\" content=\"Zahlungsmethode | Happy Bodies Merchandise\" \/>\n\t\t<meta property=\"og:description\" content=\"Hidalgo ist bestrebt, allen Kunden eine passende Zahlungsmethode anzubieten. Alle Zahlungen erfolgen in einer sicheren Zahlungsumgebung, Ihre Daten werden sicher und verschl\u00fcsselt \u00fcbertragen. Die Zahlungsmethoden, die wir derzeit anbieten: Zahlungsmethode Beschreibung Abdeckung iDeal Mit iDEAL k\u00f6nnen Sie die Zahlung direkt in der vertrauten Online-Banking-Umgebung Ihrer eigenen Bank abwickeln. Niederlande Kreditkarte Wir akzeptieren auch Zahlungen mit\" \/>\n\t\t<meta property=\"og:url\" content=\"https:\/\/happybodies.hidalgo.nl\/de\/wp-json\/wp\/v2\/pages\/823\" \/>\n\t\t<meta property=\"og:image\" content=\"https:\/\/shop.hidalgo.nl\/wp-content\/uploads\/2025\/12\/cropped-Logo.png\" \/>\n\t\t<meta property=\"og:image:secure_url\" content=\"https:\/\/shop.hidalgo.nl\/wp-content\/uploads\/2025\/12\/cropped-Logo.png\" \/>\n\t\t<meta property=\"article:published_time\" content=\"2026-01-06T13:50:50+00:00\" \/>\n\t\t<meta property=\"article:modified_time\" content=\"2026-01-29T13:08:17+00:00\" \/>\n\t\t<meta property=\"article:publisher\" content=\"https:\/\/www.facebook.com\/hidalgobagsandmore\" \/>\n\t\t<meta name=\"twitter:card\" content=\"summary_large_image\" \/>\n\t\t<meta name=\"twitter:site\" content=\"@Hidalgo_BV\" \/>\n\t\t<meta name=\"twitter:title\" content=\"Zahlungsmethode | Happy Bodies Merchandise\" \/>\n\t\t<meta name=\"twitter:description\" content=\"Hidalgo ist bestrebt, allen Kunden eine passende Zahlungsmethode anzubieten. Alle Zahlungen erfolgen in einer sicheren Zahlungsumgebung, Ihre Daten werden sicher und verschl\u00fcsselt \u00fcbertragen. Die Zahlungsmethoden, die wir derzeit anbieten: Zahlungsmethode Beschreibung Abdeckung iDeal Mit iDEAL k\u00f6nnen Sie die Zahlung direkt in der vertrauten Online-Banking-Umgebung Ihrer eigenen Bank abwickeln. Niederlande Kreditkarte Wir akzeptieren auch Zahlungen mit\" \/>\n\t\t<meta name=\"twitter:creator\" content=\"@Hidalgo_BV\" \/>\n\t\t<meta name=\"twitter:image\" content=\"https:\/\/shop.hidalgo.nl\/wp-content\/uploads\/2025\/12\/cropped-Logo.png\" \/>\n\t\t<script type=\"application\/ld+json\" class=\"aioseo-schema\">\n\t\t\t{\"@context\":\"https:\\\/\\\/schema.org\",\"@graph\":[{\"@type\":\"BreadcrumbList\",\"@id\":\"https:\\\/\\\/happybodies.hidalgo.nl\\\/de\\\/zahlungsmethode\\\/#breadcrumblist\",\"itemListElement\":[{\"@type\":\"ListItem\",\"@id\":\"https:\\\/\\\/happybodies.hidalgo.nl\\\/de\\\/#listItem\",\"position\":1,\"name\":\"Home\",\"item\":\"https:\\\/\\\/happybodies.hidalgo.nl\\\/de\\\/\",\"nextItem\":{\"@type\":\"ListItem\",\"@id\":\"https:\\\/\\\/happybodies.hidalgo.nl\\\/de\\\/zahlungsmethode\\\/#listItem\",\"name\":\"Zahlungsmethode\"}},{\"@type\":\"ListItem\",\"@id\":\"https:\\\/\\\/happybodies.hidalgo.nl\\\/de\\\/zahlungsmethode\\\/#listItem\",\"position\":2,\"name\":\"Zahlungsmethode\",\"previousItem\":{\"@type\":\"ListItem\",\"@id\":\"https:\\\/\\\/happybodies.hidalgo.nl\\\/de\\\/#listItem\",\"name\":\"Home\"}}]},{\"@type\":\"Organization\",\"@id\":\"https:\\\/\\\/happybodies.hidalgo.nl\\\/de\\\/#organization\",\"name\":\"Happy Bodies Merchandise\",\"description\":\"Voor Happy Bodies Merchandise\",\"url\":\"https:\\\/\\\/happybodies.hidalgo.nl\\\/de\\\/\",\"email\":\"info@hidalgo.nl\",\"telephone\":\"+31793310133\",\"foundingDate\":\"1993-01-01\",\"numberOfEmployees\":{\"@type\":\"QuantitativeValue\",\"value\":4},\"logo\":{\"@type\":\"ImageObject\",\"url\":\"https:\\\/\\\/shop.hidalgo.nl\\\/wp-content\\\/uploads\\\/2026\\\/01\\\/Happy-Bodies-Powered-by-Hidalgo.jpg\",\"@id\":\"https:\\\/\\\/happybodies.hidalgo.nl\\\/de\\\/zahlungsmethode\\\/#organizationLogo\",\"width\":600,\"height\":599},\"image\":{\"@id\":\"https:\\\/\\\/happybodies.hidalgo.nl\\\/de\\\/zahlungsmethode\\\/#organizationLogo\"},\"sameAs\":[\"https:\\\/\\\/www.facebook.com\\\/hidalgobagsandmore\",\"https:\\\/\\\/x.com\\\/Hidalgo_BV\",\"https:\\\/\\\/www.instagram.com\\\/hidalgobagsandmore\\\/\",\"https:\\\/\\\/www.youtube.com\\\/@hidalgobagsandmore\",\"https:\\\/\\\/nl.linkedin.com\\\/in\\\/rutgerblommers\"]},{\"@type\":\"WebPage\",\"@id\":\"https:\\\/\\\/happybodies.hidalgo.nl\\\/de\\\/zahlungsmethode\\\/#webpage\",\"url\":\"https:\\\/\\\/happybodies.hidalgo.nl\\\/de\\\/zahlungsmethode\\\/\",\"name\":\"Zahlungsmethode | Happy Bodies Merchandise\",\"description\":\"Hidalgo ist bestrebt, allen Kunden eine passende Zahlungsmethode anzubieten. Alle Zahlungen erfolgen in einer sicheren Zahlungsumgebung, Ihre Daten werden sicher und verschl\\u00fcsselt \\u00fcbertragen. Die Zahlungsmethoden, die wir derzeit anbieten: Zahlungsmethode Beschreibung Abdeckung iDeal Mit iDEAL k\\u00f6nnen Sie die Zahlung direkt in der vertrauten Online-Banking-Umgebung Ihrer eigenen Bank abwickeln. Niederlande Kreditkarte Wir akzeptieren auch Zahlungen mit\",\"inLanguage\":\"de-DE\",\"isPartOf\":{\"@id\":\"https:\\\/\\\/happybodies.hidalgo.nl\\\/de\\\/#website\"},\"breadcrumb\":{\"@id\":\"https:\\\/\\\/happybodies.hidalgo.nl\\\/de\\\/zahlungsmethode\\\/#breadcrumblist\"},\"datePublished\":\"2026-01-06T13:50:50+00:00\",\"dateModified\":\"2026-01-29T13:08:17+00:00\"},{\"@type\":\"WebSite\",\"@id\":\"https:\\\/\\\/happybodies.hidalgo.nl\\\/de\\\/#website\",\"url\":\"https:\\\/\\\/happybodies.hidalgo.nl\\\/de\\\/\",\"name\":\"Happy Bodies Merchandise\",\"alternateName\":\"Happy Bodies Merchandise shop\",\"description\":\"Voor Happy Bodies Merchandise\",\"inLanguage\":\"de-DE\",\"publisher\":{\"@id\":\"https:\\\/\\\/happybodies.hidalgo.nl\\\/de\\\/#organization\"}}]}\n\t\t<\/script>\n\t\t<!-- All in One SEO Pro -->\r\n\t\t<title>Zahlungsmethode | Happy Bodies Merchandise<\/title>\n\n","aioseo_head_json":{"title":"Zahlungsmethode | Happy Bodies Merchandise","description":"Hidalgo ist bestrebt, allen Kunden eine passende Zahlungsmethode anzubieten. Alle Zahlungen erfolgen in einer sicheren Zahlungsumgebung, Ihre Daten werden sicher und verschl\u00fcsselt \u00fcbertragen. Die Zahlungsmethoden, die wir derzeit anbieten: Zahlungsmethode Beschreibung Abdeckung iDeal Mit iDEAL k\u00f6nnen Sie die Zahlung direkt in der vertrauten Online-Banking-Umgebung Ihrer eigenen Bank abwickeln. Niederlande Kreditkarte Wir akzeptieren auch Zahlungen mit","canonical_url":"https:\/\/happybodies.hidalgo.nl\/de\/wp-json\/wp\/v2\/pages\/823","robots":"max-image-preview:large","keywords":"","webmasterTools":{"google-site-verification":"BBMiYHShnVBoc8v9xoHf0FXMC27otVB0wiWxw_hFRrM","miscellaneous":""},"schema":{"@context":"https:\/\/schema.org","@graph":[{"@type":"BreadcrumbList","@id":"https:\/\/happybodies.hidalgo.nl\/de\/zahlungsmethode\/#breadcrumblist","itemListElement":[{"@type":"ListItem","@id":"https:\/\/happybodies.hidalgo.nl\/de\/#listItem","position":1,"name":"Home","item":"https:\/\/happybodies.hidalgo.nl\/de\/","nextItem":{"@type":"ListItem","@id":"https:\/\/happybodies.hidalgo.nl\/de\/zahlungsmethode\/#listItem","name":"Zahlungsmethode"}},{"@type":"ListItem","@id":"https:\/\/happybodies.hidalgo.nl\/de\/zahlungsmethode\/#listItem","position":2,"name":"Zahlungsmethode","previousItem":{"@type":"ListItem","@id":"https:\/\/happybodies.hidalgo.nl\/de\/#listItem","name":"Home"}}]},{"@type":"Organization","@id":"https:\/\/happybodies.hidalgo.nl\/de\/#organization","name":"Happy Bodies Merchandise","description":"Voor Happy Bodies Merchandise","url":"https:\/\/happybodies.hidalgo.nl\/de\/","email":"info@hidalgo.nl","telephone":"+31793310133","foundingDate":"1993-01-01","numberOfEmployees":{"@type":"QuantitativeValue","value":4},"logo":{"@type":"ImageObject","url":"https:\/\/shop.hidalgo.nl\/wp-content\/uploads\/2026\/01\/Happy-Bodies-Powered-by-Hidalgo.jpg","@id":"https:\/\/happybodies.hidalgo.nl\/de\/zahlungsmethode\/#organizationLogo","width":600,"height":599},"image":{"@id":"https:\/\/happybodies.hidalgo.nl\/de\/zahlungsmethode\/#organizationLogo"},"sameAs":["https:\/\/www.facebook.com\/hidalgobagsandmore","https:\/\/x.com\/Hidalgo_BV","https:\/\/www.instagram.com\/hidalgobagsandmore\/","https:\/\/www.youtube.com\/@hidalgobagsandmore","https:\/\/nl.linkedin.com\/in\/rutgerblommers"]},{"@type":"WebPage","@id":"https:\/\/happybodies.hidalgo.nl\/de\/zahlungsmethode\/#webpage","url":"https:\/\/happybodies.hidalgo.nl\/de\/zahlungsmethode\/","name":"Zahlungsmethode | Happy Bodies Merchandise","description":"Hidalgo ist bestrebt, allen Kunden eine passende Zahlungsmethode anzubieten. Alle Zahlungen erfolgen in einer sicheren Zahlungsumgebung, Ihre Daten werden sicher und verschl\u00fcsselt \u00fcbertragen. Die Zahlungsmethoden, die wir derzeit anbieten: Zahlungsmethode Beschreibung Abdeckung iDeal Mit iDEAL k\u00f6nnen Sie die Zahlung direkt in der vertrauten Online-Banking-Umgebung Ihrer eigenen Bank abwickeln. Niederlande Kreditkarte Wir akzeptieren auch Zahlungen mit","inLanguage":"de-DE","isPartOf":{"@id":"https:\/\/happybodies.hidalgo.nl\/de\/#website"},"breadcrumb":{"@id":"https:\/\/happybodies.hidalgo.nl\/de\/zahlungsmethode\/#breadcrumblist"},"datePublished":"2026-01-06T13:50:50+00:00","dateModified":"2026-01-29T13:08:17+00:00"},{"@type":"WebSite","@id":"https:\/\/happybodies.hidalgo.nl\/de\/#website","url":"https:\/\/happybodies.hidalgo.nl\/de\/","name":"Happy Bodies Merchandise","alternateName":"Happy Bodies Merchandise shop","description":"Voor Happy Bodies Merchandise","inLanguage":"de-DE","publisher":{"@id":"https:\/\/happybodies.hidalgo.nl\/de\/#organization"}}]},"og:locale":"de_DE","og:site_name":"Happy Bodies Merchandise | Voor Happy Bodies Merchandise","og:type":"article","og:title":"Zahlungsmethode | Happy Bodies Merchandise","og:description":"Hidalgo ist bestrebt, allen Kunden eine passende Zahlungsmethode anzubieten. Alle Zahlungen erfolgen in einer sicheren Zahlungsumgebung, Ihre Daten werden sicher und verschl\u00fcsselt \u00fcbertragen. Die Zahlungsmethoden, die wir derzeit anbieten: Zahlungsmethode Beschreibung Abdeckung iDeal Mit iDEAL k\u00f6nnen Sie die Zahlung direkt in der vertrauten Online-Banking-Umgebung Ihrer eigenen Bank abwickeln. Niederlande Kreditkarte Wir akzeptieren auch Zahlungen mit","og:url":"https:\/\/happybodies.hidalgo.nl\/de\/wp-json\/wp\/v2\/pages\/823","og:image":"https:\/\/shop.hidalgo.nl\/wp-content\/uploads\/2025\/12\/cropped-Logo.png","og:image:secure_url":"https:\/\/shop.hidalgo.nl\/wp-content\/uploads\/2025\/12\/cropped-Logo.png","article:published_time":"2026-01-06T13:50:50+00:00","article:modified_time":"2026-01-29T13:08:17+00:00","article:publisher":"https:\/\/www.facebook.com\/hidalgobagsandmore","twitter:card":"summary_large_image","twitter:site":"@Hidalgo_BV","twitter:title":"Zahlungsmethode | Happy Bodies Merchandise","twitter:description":"Hidalgo ist bestrebt, allen Kunden eine passende Zahlungsmethode anzubieten. Alle Zahlungen erfolgen in einer sicheren Zahlungsumgebung, Ihre Daten werden sicher und verschl\u00fcsselt \u00fcbertragen. Die Zahlungsmethoden, die wir derzeit anbieten: Zahlungsmethode Beschreibung Abdeckung iDeal Mit iDEAL k\u00f6nnen Sie die Zahlung direkt in der vertrauten Online-Banking-Umgebung Ihrer eigenen Bank abwickeln. Niederlande Kreditkarte Wir akzeptieren auch Zahlungen mit","twitter:creator":"@Hidalgo_BV","twitter:image":"https:\/\/shop.hidalgo.nl\/wp-content\/uploads\/2025\/12\/cropped-Logo.png"},"aioseo_meta_data":{"post_id":"823","title":null,"description":null,"keywords":null,"keyphrases":{"focus":{"keyphrase":"","score":0,"analysis":{"keyphraseInTitle":{"score":0,"maxScore":9,"error":1}}},"additional":[]},"primary_term":null,"canonical_url":null,"og_title":null,"og_description":null,"og_object_type":"default","og_image_type":"default","og_image_url":null,"og_image_width":null,"og_image_height":null,"og_image_custom_url":null,"og_image_custom_fields":null,"og_video":"","og_custom_url":null,"og_article_section":null,"og_article_tags":null,"twitter_use_og":false,"twitter_card":"default","twitter_image_type":"default","twitter_image_url":null,"twitter_image_custom_url":null,"twitter_image_custom_fields":null,"twitter_title":null,"twitter_description":null,"schema":{"blockGraphs":[],"customGraphs":[],"default":{"data":{"Article":[],"Course":[],"Dataset":[],"FAQPage":[],"Movie":[],"Person":[],"Product":[],"ProductReview":[],"Car":[],"Recipe":[],"Service":[],"SoftwareApplication":[],"WebPage":[]},"graphName":"WebPage","isEnabled":true},"graphs":[]},"schema_type":"default","schema_type_options":null,"pillar_content":false,"robots_default":true,"robots_noindex":false,"robots_noarchive":false,"robots_nosnippet":false,"robots_nofollow":false,"robots_noimageindex":false,"robots_noodp":false,"robots_notranslate":false,"robots_max_snippet":"-1","robots_max_videopreview":"-1","robots_max_imagepreview":"large","priority":null,"frequency":"default","local_seo":null,"seo_analyzer_scan_date":"2026-01-20 12:32:14","breadcrumb_settings":null,"limit_modified_date":false,"reviewed_by":null,"open_ai":null,"ai":{"faqs":[],"keyPoints":[],"titles":[],"descriptions":[],"socialPosts":{"email":[],"linkedin":[],"twitter":[],"facebook":[],"instagram":[]}},"created":"2026-01-19 14:17:51","updated":"2026-01-29 13:15:39"},"aioseo_breadcrumb":"<div class=\"aioseo-breadcrumbs\"><span class=\"aioseo-breadcrumb\">\n\t<a href=\"https:\/\/happybodies.hidalgo.nl\/de\/\" title=\"Home\">Home<\/a>\n<\/span><span class=\"aioseo-breadcrumb-separator\">\u00bb<\/span><span class=\"aioseo-breadcrumb\">\n\tZahlungsmethode\n<\/span><\/div>","aioseo_breadcrumb_json":[{"label":"Home","link":"https:\/\/happybodies.hidalgo.nl\/de\/"},{"label":"Zahlungsmethode","link":"https:\/\/happybodies.hidalgo.nl\/de\/zahlungsmethode\/"}],"_links":{"self":[{"href":"https:\/\/happybodies.hidalgo.nl\/de\/wp-json\/wp\/v2\/pages\/823","targetHints":{"allow":["GET"]}}],"collection":[{"href":"https:\/\/happybodies.hidalgo.nl\/de\/wp-json\/wp\/v2\/pages"}],"about":[{"href":"https:\/\/happybodies.hidalgo.nl\/de\/wp-json\/wp\/v2\/types\/page"}],"author":[{"embeddable":true,"href":"https:\/\/happybodies.hidalgo.nl\/de\/wp-json\/wp\/v2\/users\/6"}],"replies":[{"embeddable":true,"href":"https:\/\/happybodies.hidalgo.nl\/de\/wp-json\/wp\/v2\/comments?post=823"}],"version-history":[{"count":1,"href":"https:\/\/happybodies.hidalgo.nl\/de\/wp-json\/wp\/v2\/pages\/823\/revisions"}],"predecessor-version":[{"id":824,"href":"https:\/\/happybodies.hidalgo.nl\/de\/wp-json\/wp\/v2\/pages\/823\/revisions\/824"}],"wp:attachment":[{"href":"https:\/\/happybodies.hidalgo.nl\/de\/wp-json\/wp\/v2\/media?parent=823"}],"curies":[{"name":"wp","href":"https:\/\/api.w.org\/{rel}","templated":true}]}}