{"id":374,"date":"2025-12-16T13:58:37","date_gmt":"2025-12-16T13:58:37","guid":{"rendered":"https:\/\/happybodies.shop.hidalgo.nl\/home\/"},"modified":"2026-01-19T14:45:14","modified_gmt":"2026-01-19T14:45:14","slug":"home-2","status":"publish","type":"page","link":"https:\/\/happybodies.hidalgo.nl\/de\/","title":{"rendered":"Home"},"content":{"rendered":"","protected":false},"excerpt":{"rendered":"","protected":false},"author":1,"featured_media":0,"parent":0,"menu_order":0,"comment_status":"closed","ping_status":"closed","template":"","meta":{"_acf_changed":false,"om_disable_all_campaigns":false,"_monsterinsights_skip_tracking":false,"_monsterinsights_sitenote_active":false,"_monsterinsights_sitenote_note":"","_monsterinsights_sitenote_category":0,"footnotes":""},"class_list":["post-374","page","type-page","status-publish","hentry","entry"],"acf":{"s1_hero_content_list":[{"s1_hero_content_list_image":{"ID":699,"id":699,"title":"banner-rugtas2","filename":"banner-rugtas2.jpg","filesize":211192,"url":"https:\/\/shop.hidalgo.nl\/wp-content\/uploads\/2026\/01\/banner-rugtas2.jpg","link":"https:\/\/happybodies.hidalgo.nl\/de\/home-2\/banner-rugtas2\/","alt":"","author":"6","description":"","caption":"","name":"banner-rugtas2","status":"inherit","uploaded_to":354,"date":"2026-01-16 15:19:45","modified":"2026-01-16 15:19:45","menu_order":0,"mime_type":"image\/jpeg","type":"image","subtype":"jpeg","icon":"https:\/\/happybodies.hidalgo.nl\/wp-includes\/images\/media\/default.png","width":1057,"height":492,"sizes":{"thumbnail":"https:\/\/shop.hidalgo.nl\/wp-content\/uploads\/2026\/01\/banner-rugtas2-150x150.jpg","thumbnail-width":150,"thumbnail-height":150,"medium":"https:\/\/shop.hidalgo.nl\/wp-content\/uploads\/2026\/01\/banner-rugtas2-300x140.jpg","medium-width":300,"medium-height":140,"medium_large":"https:\/\/shop.hidalgo.nl\/wp-content\/uploads\/2026\/01\/banner-rugtas2-768x357.jpg","medium_large-width":750,"medium_large-height":349,"large":"https:\/\/shop.hidalgo.nl\/wp-content\/uploads\/2026\/01\/banner-rugtas2-1024x477.jpg","large-width":750,"large-height":349,"1536x1536":"https:\/\/shop.hidalgo.nl\/wp-content\/uploads\/2026\/01\/banner-rugtas2.jpg","1536x1536-width":1057,"1536x1536-height":492,"2048x2048":"https:\/\/shop.hidalgo.nl\/wp-content\/uploads\/2026\/01\/banner-rugtas2.jpg","2048x2048-width":1057,"2048x2048-height":492,"post-thumbnail":"https:\/\/shop.hidalgo.nl\/wp-content\/uploads\/2026\/01\/banner-rugtas2.jpg","post-thumbnail-width":1057,"post-thumbnail-height":492,"woocommerce_thumbnail":"https:\/\/shop.hidalgo.nl\/wp-content\/uploads\/2026\/01\/banner-rugtas2-450x450.jpg","woocommerce_thumbnail-width":450,"woocommerce_thumbnail-height":450,"woocommerce_single":"https:\/\/shop.hidalgo.nl\/wp-content\/uploads\/2026\/01\/banner-rugtas2-600x279.jpg","woocommerce_single-width":600,"woocommerce_single-height":279,"woocommerce_gallery_thumbnail":"https:\/\/shop.hidalgo.nl\/wp-content\/uploads\/2026\/01\/banner-rugtas2-100x100.jpg","woocommerce_gallery_thumbnail-width":100,"woocommerce_gallery_thumbnail-height":100}},"s1_hero_content_list_title":"Sport Rucksack","s1_hero_content_list_button":{"title":"sehen","url":"https:\/\/happybodies.shop.hidalgo.nl\/de\/product\/rugtas-zwart\/","target":""}}],"s2_content_list":false,"s3_title":"Assortiment","s3_popular_category":[64],"s4_title":"","s4_select_categories":false,"s5_title":"","s5_select_brands":false,"s6_title":"","s6_select_popular_category":false,"s7_left_image":{"ID":627,"id":627,"title":"showroom-2","filename":"showroom-2.jpg","filesize":520899,"url":"https:\/\/shop.hidalgo.nl\/wp-content\/uploads\/2026\/01\/showroom-2.jpg","link":"https:\/\/happybodies.hidalgo.nl\/de\/home-2\/showroom-2\/","alt":"","author":"6","description":"","caption":"","name":"showroom-2","status":"inherit","uploaded_to":354,"date":"2026-01-15 12:06:21","modified":"2026-01-15 12:06:21","menu_order":0,"mime_type":"image\/jpeg","type":"image","subtype":"jpeg","icon":"https:\/\/happybodies.hidalgo.nl\/wp-includes\/images\/media\/default.png","width":898,"height":600,"sizes":{"thumbnail":"https:\/\/shop.hidalgo.nl\/wp-content\/uploads\/2026\/01\/showroom-2-150x150.jpg","thumbnail-width":150,"thumbnail-height":150,"medium":"https:\/\/shop.hidalgo.nl\/wp-content\/uploads\/2026\/01\/showroom-2-300x200.jpg","medium-width":300,"medium-height":200,"medium_large":"https:\/\/shop.hidalgo.nl\/wp-content\/uploads\/2026\/01\/showroom-2-768x513.jpg","medium_large-width":750,"medium_large-height":501,"large":"https:\/\/shop.hidalgo.nl\/wp-content\/uploads\/2026\/01\/showroom-2.jpg","large-width":750,"large-height":501,"1536x1536":"https:\/\/shop.hidalgo.nl\/wp-content\/uploads\/2026\/01\/showroom-2.jpg","1536x1536-width":898,"1536x1536-height":600,"2048x2048":"https:\/\/shop.hidalgo.nl\/wp-content\/uploads\/2026\/01\/showroom-2.jpg","2048x2048-width":898,"2048x2048-height":600,"post-thumbnail":"https:\/\/shop.hidalgo.nl\/wp-content\/uploads\/2026\/01\/showroom-2.jpg","post-thumbnail-width":898,"post-thumbnail-height":600,"woocommerce_thumbnail":"https:\/\/shop.hidalgo.nl\/wp-content\/uploads\/2026\/01\/showroom-2-450x450.jpg","woocommerce_thumbnail-width":450,"woocommerce_thumbnail-height":450,"woocommerce_single":"https:\/\/shop.hidalgo.nl\/wp-content\/uploads\/2026\/01\/showroom-2-600x401.jpg","woocommerce_single-width":600,"woocommerce_single-height":401,"woocommerce_gallery_thumbnail":"https:\/\/shop.hidalgo.nl\/wp-content\/uploads\/2026\/01\/showroom-2-100x100.jpg","woocommerce_gallery_thumbnail-width":100,"woocommerce_gallery_thumbnail-height":100}},"s7_right_content_list":[{"s7_right_content_list_title":"Hidalgo Bags & More","s7_right_content_list_content":"<p>Willkommen bei Hidalgo Bags & More \u2013 Ihrem Komplettanbieter f\u00fcr hochwertige Taschen, Trinkflaschen und eine gro\u00dfe Auswahl an Handt\u00fcchern!<\/p>\n<p>Hidalgo Bags & More besteht seit 1993 und ist spezialisiert auf Taschen, Trinkflaschen & Shaker sowie Sporthandt\u00fccher. Unser Hauptsitz befindet sich in den Niederlanden. Hier ber\u00e4t Sie unser Verkaufsteam, unsere Grafikabteilung entwirft Ihre Designs, und wir freuen uns, Sie in unserem Showroom begr\u00fc\u00dfen zu d\u00fcrfen. Urspr\u00fcnglich belieferte Hidalgo nur den niederl\u00e4ndischen Markt, heute arbeiten wir mit \u00fcber 1.800 Kunden in 16 L\u00e4ndern zusammen.<\/p>\n<p>Suchen Sie bedruckte Taschen oder Handt\u00fccher mit Ihrem Logo oder Text? Kein Problem! Wir bieten Ihnen die M\u00f6glichkeit, Ihr Wunschdesign auf unsere Produkte drucken zu lassen und so einzigartige und personalisierte Artikel zu gestalten.<\/p>\n<p>Happy Bodies Goodies ist Teil der RuLe Holding BV.<br \/>\nHandelsregisternummer: 69454159<br \/>\nUSt-IdNr.: NL-857880676B01<\/p>\n"},{"s7_right_content_list_title":"Happy Bodies Goodies","s7_right_content_list_content":"<p>F\u00fcr H\u00f6chstleistungen gemacht. Unsere Happy Bodies-Kollektion wird exklusiv f\u00fcr Fitnessstudios und ihre Mitglieder ausgew\u00e4hlt und designt. Unsere Produkte vereinen Qualit\u00e4t und Komfort mit einem unverwechselbaren Look. Ob f\u00fcrs Training oder den Alltag \u2013 pr\u00e4sentiere deine Marke.<\/p>\n"}]},"aioseo_notices":[],"aioseo_head":"\n\t\t<!-- All in One SEO Pro 4.9.6.2 - aioseo.com -->\n\t<meta name=\"robots\" content=\"max-image-preview:large\" \/>\n\t<meta name=\"google-site-verification\" content=\"BBMiYHShnVBoc8v9xoHf0FXMC27otVB0wiWxw_hFRrM\" \/>\n\t<link rel=\"canonical\" href=\"https:\/\/happybodies.hidalgo.nl\/de\/wp-json\/wp\/v2\/pages\/374\" \/>\n\t<meta name=\"generator\" content=\"All in One SEO Pro (AIOSEO) 4.9.6.2\" \/>\n\t\t<meta property=\"og:locale\" content=\"de_DE\" \/>\n\t\t<meta property=\"og:site_name\" content=\"Happy Bodies Merchandise | Voor Happy Bodies Merchandise\" \/>\n\t\t<meta property=\"og:type\" content=\"article\" \/>\n\t\t<meta property=\"og:title\" content=\"Home | Happy Bodies Merchandise\" \/>\n\t\t<meta property=\"og:url\" content=\"https:\/\/happybodies.hidalgo.nl\/de\/wp-json\/wp\/v2\/pages\/374\" \/>\n\t\t<meta property=\"og:image\" content=\"https:\/\/shop.hidalgo.nl\/wp-content\/uploads\/2025\/12\/cropped-Logo.png\" \/>\n\t\t<meta property=\"og:image:secure_url\" content=\"https:\/\/shop.hidalgo.nl\/wp-content\/uploads\/2025\/12\/cropped-Logo.png\" \/>\n\t\t<meta property=\"article:published_time\" content=\"2025-12-16T13:58:37+00:00\" \/>\n\t\t<meta property=\"article:modified_time\" content=\"2026-01-19T14:45:14+00:00\" \/>\n\t\t<meta property=\"article:publisher\" content=\"https:\/\/www.facebook.com\/hidalgobagsandmore\" \/>\n\t\t<meta name=\"twitter:card\" content=\"summary_large_image\" \/>\n\t\t<meta name=\"twitter:site\" content=\"@Hidalgo_BV\" \/>\n\t\t<meta name=\"twitter:title\" content=\"Home | Happy Bodies Merchandise\" \/>\n\t\t<meta name=\"twitter:creator\" content=\"@Hidalgo_BV\" \/>\n\t\t<meta name=\"twitter:image\" content=\"https:\/\/shop.hidalgo.nl\/wp-content\/uploads\/2025\/12\/cropped-Logo.png\" \/>\n\t\t<script type=\"application\/ld+json\" class=\"aioseo-schema\">\n\t\t\t{\"@context\":\"https:\\\/\\\/schema.org\",\"@graph\":[{\"@type\":\"BreadcrumbList\",\"@id\":\"https:\\\/\\\/happybodies.hidalgo.nl\\\/de\\\/#breadcrumblist\",\"itemListElement\":[{\"@type\":\"ListItem\",\"@id\":\"https:\\\/\\\/happybodies.hidalgo.nl\\\/de\\\/#listItem\",\"position\":1,\"name\":\"Home\",\"item\":\"https:\\\/\\\/happybodies.hidalgo.nl\\\/de\\\/\",\"nextItem\":{\"@type\":\"ListItem\",\"@id\":\"https:\\\/\\\/happybodies.hidalgo.nl\\\/de\\\/#listItem\",\"name\":\"Home\"}},{\"@type\":\"ListItem\",\"@id\":\"https:\\\/\\\/happybodies.hidalgo.nl\\\/de\\\/#listItem\",\"position\":2,\"name\":\"Home\",\"previousItem\":{\"@type\":\"ListItem\",\"@id\":\"https:\\\/\\\/happybodies.hidalgo.nl\\\/de\\\/#listItem\",\"name\":\"Home\"}}]},{\"@type\":\"LocalBusiness\",\"@id\":\"https:\\\/\\\/happybodies.hidalgo.nl\\\/de\\\/#localbusiness\",\"name\":\"Happy Bodies Merchandise\",\"brand\":{\"@id\":\"https:\\\/\\\/happybodies.hidalgo.nl\\\/de\\\/#organization\"},\"url\":\"https:\\\/\\\/happybodies.hidalgo.nl\\\/de\\\/\",\"image\":\"https:\\\/\\\/shop.hidalgo.nl\\\/wp-content\\\/uploads\\\/2026\\\/01\\\/Happy-Bodies-Powered-by-Hidalgo.jpg\",\"logo\":\"https:\\\/\\\/happybodies.hidalgo.nl\\\/de\\\/#logo\",\"telephone\":\"+31793310133\",\"openingHoursSpecification\":[{\"@type\":\"OpeningHoursSpecification\",\"dayOfWeek\":[\"https:\\\/\\\/schema.org\\\/Monday\"],\"opens\":\"09:00\",\"closes\":\"17:00\"},{\"@type\":\"OpeningHoursSpecification\",\"dayOfWeek\":[\"https:\\\/\\\/schema.org\\\/Tuesday\"],\"opens\":\"09:00\",\"closes\":\"17:00\"},{\"@type\":\"OpeningHoursSpecification\",\"dayOfWeek\":[\"https:\\\/\\\/schema.org\\\/Wednesday\"],\"opens\":\"09:00\",\"closes\":\"17:00\"},{\"@type\":\"OpeningHoursSpecification\",\"dayOfWeek\":[\"https:\\\/\\\/schema.org\\\/Thursday\"],\"opens\":\"09:00\",\"closes\":\"17:00\"},{\"@type\":\"OpeningHoursSpecification\",\"dayOfWeek\":[\"https:\\\/\\\/schema.org\\\/Friday\"],\"opens\":\"09:00\",\"closes\":\"17:00\"},{\"@type\":\"OpeningHoursSpecification\",\"dayOfWeek\":[\"https:\\\/\\\/schema.org\\\/Saturday\"],\"opens\":\"09:00\",\"closes\":\"17:00\"},{\"@type\":\"OpeningHoursSpecification\",\"dayOfWeek\":[\"https:\\\/\\\/schema.org\\\/Sunday\"],\"opens\":\"09:00\",\"closes\":\"17:00\"}]},{\"@type\":\"Organization\",\"@id\":\"https:\\\/\\\/happybodies.hidalgo.nl\\\/de\\\/#organization\",\"name\":\"Happy Bodies Merchandise\",\"description\":\"Voor Happy Bodies Merchandise\",\"url\":\"https:\\\/\\\/happybodies.hidalgo.nl\\\/de\\\/\",\"email\":\"info@hidalgo.nl\",\"telephone\":\"+31793310133\",\"foundingDate\":\"1993-01-01\",\"numberOfEmployees\":{\"@type\":\"QuantitativeValue\",\"value\":4},\"logo\":{\"@type\":\"ImageObject\",\"url\":\"https:\\\/\\\/shop.hidalgo.nl\\\/wp-content\\\/uploads\\\/2026\\\/01\\\/Happy-Bodies-Powered-by-Hidalgo.jpg\",\"@id\":\"https:\\\/\\\/happybodies.hidalgo.nl\\\/de\\\/#organizationLogo\",\"width\":600,\"height\":599},\"image\":{\"@id\":\"https:\\\/\\\/happybodies.hidalgo.nl\\\/de\\\/#organizationLogo\"},\"sameAs\":[\"https:\\\/\\\/www.facebook.com\\\/hidalgobagsandmore\",\"https:\\\/\\\/x.com\\\/Hidalgo_BV\",\"https:\\\/\\\/www.instagram.com\\\/hidalgobagsandmore\\\/\",\"https:\\\/\\\/www.youtube.com\\\/@hidalgobagsandmore\",\"https:\\\/\\\/nl.linkedin.com\\\/in\\\/rutgerblommers\"]},{\"@type\":\"WebPage\",\"@id\":\"https:\\\/\\\/happybodies.hidalgo.nl\\\/de\\\/#webpage\",\"url\":\"https:\\\/\\\/happybodies.hidalgo.nl\\\/de\\\/\",\"name\":\"Home | Happy Bodies Merchandise\",\"inLanguage\":\"de-DE\",\"isPartOf\":{\"@id\":\"https:\\\/\\\/happybodies.hidalgo.nl\\\/de\\\/#website\"},\"breadcrumb\":{\"@id\":\"https:\\\/\\\/happybodies.hidalgo.nl\\\/de\\\/#breadcrumblist\"},\"datePublished\":\"2025-12-16T13:58:37+00:00\",\"dateModified\":\"2026-01-19T14:45:14+00:00\"},{\"@type\":\"WebSite\",\"@id\":\"https:\\\/\\\/happybodies.hidalgo.nl\\\/de\\\/#website\",\"url\":\"https:\\\/\\\/happybodies.hidalgo.nl\\\/de\\\/\",\"name\":\"Happy Bodies Merchandise\",\"alternateName\":\"Happy Bodies Merchandise shop\",\"description\":\"Voor Happy Bodies Merchandise\",\"inLanguage\":\"de-DE\",\"publisher\":{\"@id\":\"https:\\\/\\\/happybodies.hidalgo.nl\\\/de\\\/#organization\"}}]}\n\t\t<\/script>\n\t\t<!-- All in One SEO Pro -->\r\n\t\t<title>Home | Happy Bodies Merchandise<\/title>\n\n","aioseo_head_json":{"title":"Home | Happy Bodies Merchandise","description":"","canonical_url":"https:\/\/happybodies.hidalgo.nl\/de\/wp-json\/wp\/v2\/pages\/374","robots":"max-image-preview:large","keywords":"","webmasterTools":{"google-site-verification":"BBMiYHShnVBoc8v9xoHf0FXMC27otVB0wiWxw_hFRrM","miscellaneous":""},"schema":{"@context":"https:\/\/schema.org","@graph":[{"@type":"BreadcrumbList","@id":"https:\/\/happybodies.hidalgo.nl\/de\/#breadcrumblist","itemListElement":[{"@type":"ListItem","@id":"https:\/\/happybodies.hidalgo.nl\/de\/#listItem","position":1,"name":"Home","item":"https:\/\/happybodies.hidalgo.nl\/de\/","nextItem":{"@type":"ListItem","@id":"https:\/\/happybodies.hidalgo.nl\/de\/#listItem","name":"Home"}},{"@type":"ListItem","@id":"https:\/\/happybodies.hidalgo.nl\/de\/#listItem","position":2,"name":"Home","previousItem":{"@type":"ListItem","@id":"https:\/\/happybodies.hidalgo.nl\/de\/#listItem","name":"Home"}}]},{"@type":"LocalBusiness","@id":"https:\/\/happybodies.hidalgo.nl\/de\/#localbusiness","name":"Happy Bodies Merchandise","brand":{"@id":"https:\/\/happybodies.hidalgo.nl\/de\/#organization"},"url":"https:\/\/happybodies.hidalgo.nl\/de\/","image":"https:\/\/shop.hidalgo.nl\/wp-content\/uploads\/2026\/01\/Happy-Bodies-Powered-by-Hidalgo.jpg","logo":"https:\/\/happybodies.hidalgo.nl\/de\/#logo","telephone":"+31793310133","openingHoursSpecification":[{"@type":"OpeningHoursSpecification","dayOfWeek":["https:\/\/schema.org\/Monday"],"opens":"09:00","closes":"17:00"},{"@type":"OpeningHoursSpecification","dayOfWeek":["https:\/\/schema.org\/Tuesday"],"opens":"09:00","closes":"17:00"},{"@type":"OpeningHoursSpecification","dayOfWeek":["https:\/\/schema.org\/Wednesday"],"opens":"09:00","closes":"17:00"},{"@type":"OpeningHoursSpecification","dayOfWeek":["https:\/\/schema.org\/Thursday"],"opens":"09:00","closes":"17:00"},{"@type":"OpeningHoursSpecification","dayOfWeek":["https:\/\/schema.org\/Friday"],"opens":"09:00","closes":"17:00"},{"@type":"OpeningHoursSpecification","dayOfWeek":["https:\/\/schema.org\/Saturday"],"opens":"09:00","closes":"17:00"},{"@type":"OpeningHoursSpecification","dayOfWeek":["https:\/\/schema.org\/Sunday"],"opens":"09:00","closes":"17:00"}]},{"@type":"Organization","@id":"https:\/\/happybodies.hidalgo.nl\/de\/#organization","name":"Happy Bodies Merchandise","description":"Voor Happy Bodies Merchandise","url":"https:\/\/happybodies.hidalgo.nl\/de\/","email":"info@hidalgo.nl","telephone":"+31793310133","foundingDate":"1993-01-01","numberOfEmployees":{"@type":"QuantitativeValue","value":4},"logo":{"@type":"ImageObject","url":"https:\/\/shop.hidalgo.nl\/wp-content\/uploads\/2026\/01\/Happy-Bodies-Powered-by-Hidalgo.jpg","@id":"https:\/\/happybodies.hidalgo.nl\/de\/#organizationLogo","width":600,"height":599},"image":{"@id":"https:\/\/happybodies.hidalgo.nl\/de\/#organizationLogo"},"sameAs":["https:\/\/www.facebook.com\/hidalgobagsandmore","https:\/\/x.com\/Hidalgo_BV","https:\/\/www.instagram.com\/hidalgobagsandmore\/","https:\/\/www.youtube.com\/@hidalgobagsandmore","https:\/\/nl.linkedin.com\/in\/rutgerblommers"]},{"@type":"WebPage","@id":"https:\/\/happybodies.hidalgo.nl\/de\/#webpage","url":"https:\/\/happybodies.hidalgo.nl\/de\/","name":"Home | Happy Bodies Merchandise","inLanguage":"de-DE","isPartOf":{"@id":"https:\/\/happybodies.hidalgo.nl\/de\/#website"},"breadcrumb":{"@id":"https:\/\/happybodies.hidalgo.nl\/de\/#breadcrumblist"},"datePublished":"2025-12-16T13:58:37+00:00","dateModified":"2026-01-19T14:45:14+00:00"},{"@type":"WebSite","@id":"https:\/\/happybodies.hidalgo.nl\/de\/#website","url":"https:\/\/happybodies.hidalgo.nl\/de\/","name":"Happy Bodies Merchandise","alternateName":"Happy Bodies Merchandise shop","description":"Voor Happy Bodies Merchandise","inLanguage":"de-DE","publisher":{"@id":"https:\/\/happybodies.hidalgo.nl\/de\/#organization"}}]},"og:locale":"de_DE","og:site_name":"Happy Bodies Merchandise | Voor Happy Bodies Merchandise","og:type":"article","og:title":"Home | Happy Bodies Merchandise","og:url":"https:\/\/happybodies.hidalgo.nl\/de\/wp-json\/wp\/v2\/pages\/374","og:image":"https:\/\/shop.hidalgo.nl\/wp-content\/uploads\/2025\/12\/cropped-Logo.png","og:image:secure_url":"https:\/\/shop.hidalgo.nl\/wp-content\/uploads\/2025\/12\/cropped-Logo.png","article:published_time":"2025-12-16T13:58:37+00:00","article:modified_time":"2026-01-19T14:45:14+00:00","article:publisher":"https:\/\/www.facebook.com\/hidalgobagsandmore","twitter:card":"summary_large_image","twitter:site":"@Hidalgo_BV","twitter:title":"Home | Happy Bodies Merchandise","twitter:creator":"@Hidalgo_BV","twitter:image":"https:\/\/shop.hidalgo.nl\/wp-content\/uploads\/2025\/12\/cropped-Logo.png"},"aioseo_meta_data":{"post_id":"374","title":null,"description":null,"keywords":null,"keyphrases":{"focus":{"keyphrase":"","score":0,"analysis":{"keyphraseInTitle":{"score":0,"maxScore":9,"error":1}}},"additional":[]},"primary_term":null,"canonical_url":null,"og_title":null,"og_description":null,"og_object_type":"default","og_image_type":"default","og_image_url":null,"og_image_width":null,"og_image_height":null,"og_image_custom_url":null,"og_image_custom_fields":null,"og_video":"","og_custom_url":null,"og_article_section":null,"og_article_tags":null,"twitter_use_og":false,"twitter_card":"default","twitter_image_type":"default","twitter_image_url":null,"twitter_image_custom_url":null,"twitter_image_custom_fields":null,"twitter_title":null,"twitter_description":null,"schema":{"blockGraphs":[],"customGraphs":[],"default":{"data":{"Article":[],"Course":[],"Dataset":[],"FAQPage":[],"Movie":[],"Person":[],"Product":[],"ProductReview":[],"Car":[],"Recipe":[],"Service":[],"SoftwareApplication":[],"WebPage":[]},"graphName":"WebPage","isEnabled":true},"graphs":[]},"schema_type":"default","schema_type_options":null,"pillar_content":false,"robots_default":true,"robots_noindex":false,"robots_noarchive":false,"robots_nosnippet":false,"robots_nofollow":false,"robots_noimageindex":false,"robots_noodp":false,"robots_notranslate":false,"robots_max_snippet":"-1","robots_max_videopreview":"-1","robots_max_imagepreview":"large","priority":null,"frequency":"default","local_seo":null,"seo_analyzer_scan_date":"2026-01-20 12:39:27","breadcrumb_settings":null,"limit_modified_date":false,"reviewed_by":null,"open_ai":null,"ai":{"faqs":[],"keyPoints":[],"titles":[],"descriptions":[],"socialPosts":{"email":[],"linkedin":[],"twitter":[],"facebook":[],"instagram":[]}},"created":"2025-12-16 14:13:05","updated":"2026-01-29 09:56:02"},"aioseo_breadcrumb":"<div class=\"aioseo-breadcrumbs\"><span class=\"aioseo-breadcrumb\">\n\t<a href=\"https:\/\/happybodies.hidalgo.nl\/de\/\" title=\"Home\">Home<\/a>\n<\/span><span class=\"aioseo-breadcrumb-separator\">\u00bb<\/span><span class=\"aioseo-breadcrumb\">\n\tHome\n<\/span><\/div>","aioseo_breadcrumb_json":[{"label":"Home","link":"https:\/\/happybodies.hidalgo.nl\/de\/"},{"label":"Home","link":"https:\/\/happybodies.hidalgo.nl\/de\/"}],"_links":{"self":[{"href":"https:\/\/happybodies.hidalgo.nl\/de\/wp-json\/wp\/v2\/pages\/374","targetHints":{"allow":["GET"]}}],"collection":[{"href":"https:\/\/happybodies.hidalgo.nl\/de\/wp-json\/wp\/v2\/pages"}],"about":[{"href":"https:\/\/happybodies.hidalgo.nl\/de\/wp-json\/wp\/v2\/types\/page"}],"author":[{"embeddable":true,"href":"https:\/\/happybodies.hidalgo.nl\/de\/wp-json\/wp\/v2\/users\/1"}],"replies":[{"embeddable":true,"href":"https:\/\/happybodies.hidalgo.nl\/de\/wp-json\/wp\/v2\/comments?post=374"}],"version-history":[{"count":2,"href":"https:\/\/happybodies.hidalgo.nl\/de\/wp-json\/wp\/v2\/pages\/374\/revisions"}],"predecessor-version":[{"id":838,"href":"https:\/\/happybodies.hidalgo.nl\/de\/wp-json\/wp\/v2\/pages\/374\/revisions\/838"}],"wp:attachment":[{"href":"https:\/\/happybodies.hidalgo.nl\/de\/wp-json\/wp\/v2\/media?parent=374"}],"curies":[{"name":"wp","href":"https:\/\/api.w.org\/{rel}","templated":true}]}}